{"id":801,"date":"2025-04-11T13:31:53","date_gmt":"2025-04-11T13:31:53","guid":{"rendered":"https:\/\/metallmar.webify.si\/?page_id=801"},"modified":"2025-06-24T09:24:52","modified_gmt":"2025-06-24T09:24:52","slug":"proizvodnja_kovinskih_konstrukcij","status":"publish","type":"page","link":"https:\/\/metallmar.si\/de\/proizvodnja_kovinskih_konstrukcij\/","title":{"rendered":"Herstellung von Metallkonstruktionen"},"content":{"rendered":"<div class=\"et_pb_section_0 et_pb_section et_section_regular et_flex_section\">\n<div class=\"et_pb_row_0 et_pb_row et_flex_row\">\n<div class=\"et_pb_column_0 et_pb_column et-last-child et_flex_column et_pb_css_mix_blend_mode_passthrough et_flex_column_24_24\">\n<div class=\"et_pb_text_0 et_pb_text et_pb_bg_layout_light et_animated et_pb_module et_flex_module\"><div class=\"et_pb_text_inner\"><h1>HERSTELLUNG VON METALLKONSTRUKTIONEN<\/h1>\n<\/div><\/div>\n<\/div>\n<\/div>\n<\/div>\n\n<div class=\"et_pb_section_1 et_pb_section et_section_regular et_flex_section\">\n<div class=\"et_pb_row_1 et_pb_row et_flex_row\">\n<div class=\"et_pb_column_1 et_pb_column et_flex_column et_pb_css_mix_blend_mode_passthrough et_flex_column_24_24\">\n<div class=\"et_pb_text_1 et_pb_text et_pb_bg_layout_light et_animated et_pb_module et_flex_module\"><div class=\"et_pb_text_inner\"><p>Metallmar hat sich auf die Herstellung von tragenden und nicht tragenden Metallkonstruktionen spezialisiert, die nach einer strengen statischen Pr\u00fcfung und den geltenden europ\u00e4ischen Normen (Eurocode) genauestens ausgelegt werden. Jede Konstruktion ist das Ergebnis einer engen Zusammenarbeit zwischen Konstrukteuren, Statikern und Bauunternehmern, die eine Optimierung der tragenden Querschnitte, eine effiziente Montage vor Ort und eine langfristige strukturelle Sicherheit erm\u00f6glicht.<\/p>\n<\/div><\/div>\n<\/div>\n\n<div class=\"et_pb_column_2 et_pb_column et-last-child et_flex_column et_pb_css_mix_blend_mode_passthrough et_flex_column_24_24\">\n<div class=\"et_pb_text_2 et_pb_text et_pb_bg_layout_light et_animated et_pb_module et_flex_module\"><div class=\"et_pb_text_inner\"><p>F\u00fcr die technischen Berechnungen, die Modellierung und die Erstellung der Werkstattdokumentation verwenden wir moderne Softwaretools, die eine genaue Produktion und minimale Abweichungen w\u00e4hrend der Montagephase gew\u00e4hrleisten. Wir verwenden nur zertifizierte Materialien, Qualit\u00e4tsschwei\u00dfverfahren (gem\u00e4\u00df EN ISO 3834) und bew\u00e4hrte Oberfl\u00e4chenschutzverfahren (Feuerverzinkung, Pulverbeschichtung usw.), um eine hohe chemische und mechanische Best\u00e4ndigkeit unserer Strukturen zu gew\u00e4hrleisten.<\/p>\n<\/div><\/div>\n<\/div>\n<\/div>\n<\/div>\n\n<div class=\"et_pb_section_2 et_pb_section et_section_regular et_flex_section\">\n<div class=\"et_pb_row_2 et_pb_row et-vb-row--no-module et_flex_row\">\n<div class=\"et_pb_column_3 et_pb_column et_flex_column et_pb_column_empty et_pb_css_mix_blend_mode_passthrough et_flex_column_24_24\"><\/div>\n\n<div class=\"et_pb_column_4 et_pb_column et_flex_column et_pb_column_empty et_pb_css_mix_blend_mode_passthrough et_flex_column_24_24\"><\/div>\n\n<div class=\"et_pb_column_5 et_pb_column et_flex_column et_pb_column_empty et_pb_css_mix_blend_mode_passthrough et_flex_column_24_24\"><\/div>\n\n<div class=\"et_pb_column_6 et_pb_column et-last-child et_flex_column et_pb_column_empty et_pb_css_mix_blend_mode_passthrough et_flex_column_24_24\"><\/div>\n<\/div>\n\n<div class=\"et_pb_row_3 et_pb_row et_flex_row\">\n<div class=\"et_pb_column_7 et_pb_column et-last-child et_flex_column et_pb_css_mix_blend_mode_passthrough et_flex_column_24_24\">\n<div class=\"et_pb_text_3 et_pb_text et_pb_bg_layout_light et_animated et_pb_module et_flex_module\"><div class=\"et_pb_text_inner\"><h1>WAS BIETEN WIR AN?<\/h1>\n<p style=\"margin-left: 5px;\">Gemeinsam die Zukunft gestalten seit <strong>1979<\/strong><\/p>\n<\/div><\/div>\n<\/div>\n<\/div>\n\n<div class=\"et_pb_row_4 et_pb_row et_flex_row\">\n<div class=\"et_pb_column_8 et_pb_column et_flex_column et_pb_css_mix_blend_mode_passthrough et_flex_column_24_24\">\n<div class=\"et_pb_text_4 et_pb_text et_pb_bg_layout_light et_animated et_pb_module et_flex_module\"><div class=\"et_pb_text_inner\"><h3>Planung <br \/>und Beratung<\/h3>\n<p>Die Zusammenarbeit beginnt mit einem Gespr\u00e4ch \u00fcber Ihre W\u00fcnsche, Anforderungen und die Funktionalit\u00e4t des Geb\u00e4udes. Wir arbeiten je nach Bedarf mit Architekten, Ingenieuren und anderen Experten zusammen, um Sie \u00fcber die besten technischen L\u00f6sungen zu beraten.<\/p>\n<\/div><\/div>\n<\/div>\n\n<div class=\"et_pb_column_9 et_pb_column et_flex_column et_pb_css_mix_blend_mode_passthrough et_flex_column_24_24\">\n<div class=\"et_pb_text_5 et_pb_text et_pb_bg_layout_light et_animated et_pb_module et_flex_module\"><div class=\"et_pb_text_inner\"><h3>HERSTELLUNG VON METALL<br \/> KONSTRUKTION<\/h3>\n<p>In unserer modernen Werkstatt stellen wir alle Arten von Konstruktionen her - von kleinen Metallprodukten bis hin zu gr\u00f6\u00dferen tragenden Elementen. Wir verwenden fortschrittliche Techniken wie Laserschneiden, CNC-Bearbeitung, Schwei\u00dfen und Oberfl\u00e4chenbehandlung (Sandstrahlen, Pulverbeschichten, Galvanisieren).<\/p>\n<\/div><\/div>\n<\/div>\n\n<div class=\"et_pb_column_10 et_pb_column et_flex_column et_pb_css_mix_blend_mode_passthrough et_flex_column_24_24\">\n<div class=\"et_pb_text_6 et_pb_text et_pb_bg_layout_light et_animated et_pb_module et_flex_module\"><div class=\"et_pb_text_inner\"><h3>Vorbereitung der technischen <br \/>Dokumentation<\/h3>\n<p>Auf der Grundlage der vereinbarten Parameter erstellen wir technische Pl\u00e4ne und Werkstattzeichnungen, die die Basis f\u00fcr eine genaue und effiziente Produktion bilden.<\/p>\n<\/div><\/div>\n<\/div>\n\n<div class=\"et_pb_column_11 et_pb_column et-last-child et_flex_column et_pb_css_mix_blend_mode_passthrough et_flex_column_24_24\">\n<div class=\"et_pb_text_7 et_pb_text et_pb_bg_layout_light et_animated et_pb_module et_flex_module\"><div class=\"et_pb_text_inner\"><h3>KONTROLLE <br \/>QUALIT\u00c4T<\/h3>\n<p>Jedes Produkt wird vor der Auslieferung gepr\u00fcft und getestet, um ein H\u00f6chstma\u00df an Qualit\u00e4t, Sicherheit und Haltbarkeit zu gew\u00e4hrleisten.<\/p>\n<\/div><\/div>\n<\/div>\n<\/div>\n<\/div>\n\n<div class=\"et_pb_section_3 et_pb_section et_section_regular et_flex_section et_pb_section_parallax\"><span class=\"et-pb-parallax-wrapper\"><span class=\"et-pb-parallax-background et-pb-parallax-background--css et-pb-parallax-background-module--divi-section-3 et_parallax_bg_phone_exist lazyload\" style=\"background-image:inherit\" data-bg-image=\"url(https:\/\/metallmar.webify.si\/wp-content\/uploads\/2025\/04\/metalmen.png)\"><\/span><\/span><span class=\"et-pb-parallax-wrapper\"><span class=\"et-pb-parallax-background et-pb-parallax-background--css et-pb-parallax-background_phone et-pb-parallax-background_phone-module--divi-section-3 lazyload\" style=\"background-image:inherit\" data-bg-image=\"url(https:\/\/metallmar.webify.si\/wp-content\/uploads\/2025\/04\/metalmen.png)\"><\/span><\/span>\n<div class=\"et_pb_row_5 et_pb_row et_flex_row\">\n<div class=\"et_pb_column_12 et_pb_column et-last-child et_flex_column et_pb_css_mix_blend_mode_passthrough et_flex_column_24_24\">\n<div class=\"et_pb_text_8 et_pb_text et_pb_bg_layout_light et_animated et_pb_module et_flex_module\"><div class=\"et_pb_text_inner\"><h1>ZAKAJ<br \/>\nMETALLMAR?<\/h1>\n<ul style=\"margin-left:7px;\">\n<li>Mehr als 40 Jahre Erfahrung<\/li>\n<li>Eigene Produktion und Montage<\/li>\n<li>Individueller Ansatz f\u00fcr jedes Projekt<\/li>\n<li>Verwendung von Qualit\u00e4tsmaterialien<\/li>\n<li>M\u00f6glichkeit zur Teilnahme an Projekten in Slowenien und im Ausland (insbesondere Deutschland)<\/li>\n<\/ul>\n<\/div><\/div>\n\n<div class=\"et_pb_module et_pb_button_module_wrapper et_pb_button_0_wrapper\"><a class=\"et_pb_button_0 et_pb_button et_pb_bg_layout_light et_animated et_pb_module et_flex_module\" href=\"https:\/\/metallmar.si\/de\/kontakt\/\" data-icon=\"5\">IHRE ANFRAGE SENDEN<\/a><\/div>\n<\/div>\n<\/div>\n<\/div>\n\n<div class=\"et_pb_section_4 et_pb_section et_section_regular et_flex_section\">\n<div class=\"et_pb_row_6 et_pb_row et-vb-row--no-module et_flex_row\">\n<div class=\"et_pb_column_13 et_pb_column et_flex_column et_pb_column_empty et_pb_css_mix_blend_mode_passthrough et_flex_column_24_24\"><\/div>\n\n<div class=\"et_pb_column_14 et_pb_column et_flex_column et_pb_column_empty et_pb_css_mix_blend_mode_passthrough et_flex_column_24_24\"><\/div>\n\n<div class=\"et_pb_column_15 et_pb_column et_flex_column et_pb_column_empty et_pb_css_mix_blend_mode_passthrough et_flex_column_24_24\"><\/div>\n\n<div class=\"et_pb_column_16 et_pb_column et-last-child et_flex_column et_pb_column_empty et_pb_css_mix_blend_mode_passthrough et_flex_column_24_24\"><\/div>\n<\/div>\n\n<div class=\"et_pb_row_7 et_pb_row et_flex_row\">\n<div class=\"et_pb_column_17 et_pb_column et-last-child et_flex_column et_pb_css_mix_blend_mode_passthrough et_flex_column_24_24\">\n<div class=\"et_pb_text_9 et_pb_text et_pb_bg_layout_light et_animated et_pb_module et_flex_module\"><div class=\"et_pb_text_inner\"><h1>ANWENDUNGEN UND BAUARTEN<\/h1>\n<p style=\"margin-left: 5px;\">Unsere Metallkonstruktionen werden in einer Vielzahl von Sektoren eingesetzt:<\/p>\n<\/div><\/div>\n<\/div>\n<\/div>\n\n<div class=\"et_pb_row_8 et_pb_row et_flex_row\">\n<div class=\"et_pb_column_18 et_pb_column et_flex_column et_pb_css_mix_blend_mode_passthrough et_flex_column_24_24\">\n<div class=\"et_pb_text_10 et_pb_text et_pb_bg_layout_light et_animated et_pb_module et_flex_module\"><div class=\"et_pb_text_inner\"><h3>Industriehallen und Lagerh\u00e4user<\/h3>\n<p>Unsere Strukturen bieten eine robuste, sichere und dauerhafte L\u00f6sung f\u00fcr moderne Industrie- und Lagerhallen unterschiedlicher Gr\u00f6\u00dfe und Komplexit\u00e4t.<\/p>\n<\/div><\/div>\n<\/div>\n\n<div class=\"et_pb_column_19 et_pb_column et_flex_column et_pb_css_mix_blend_mode_passthrough et_flex_column_24_24\">\n<div class=\"et_pb_text_11 et_pb_text et_pb_bg_layout_light et_animated et_pb_module et_flex_module\"><div class=\"et_pb_text_inner\"><h3>Dach- und Wandkonstruktionen aus Stahl<\/h3>\n<p>Wir fertigen pr\u00e4zise und flexible Stahlkonstruktionen, die eine schnelle Montage und hohe Stabilit\u00e4t von D\u00e4chern und W\u00e4nden erm\u00f6glichen.<\/p>\n<\/div><\/div>\n<\/div>\n\n<div class=\"et_pb_column_20 et_pb_column et_flex_column et_pb_css_mix_blend_mode_passthrough et_flex_column_24_24\">\n<div class=\"et_pb_text_12 et_pb_text et_pb_bg_layout_light et_animated et_pb_module et_flex_module\"><div class=\"et_pb_text_inner\"><h3>Strukturen f\u00fcr verschiedene Geb\u00e4ude<\/h3>\n<p>Wir bieten Metalll\u00f6sungen an, die \u00c4sthetik, Funktionalit\u00e4t und Langlebigkeit f\u00fcr Wohn- und Gesch\u00e4ftsgeb\u00e4ude vereinen.<\/p>\n<\/div><\/div>\n<\/div>\n\n<div class=\"et_pb_column_21 et_pb_column et-last-child et_flex_column et_pb_css_mix_blend_mode_passthrough et_flex_column_24_24\">\n<div class=\"et_pb_text_13 et_pb_text et_pb_bg_layout_light et_animated et_pb_module et_flex_module\"><div class=\"et_pb_text_inner\"><h3>Ma\u00dfgeschneiderte Speziall\u00f6sungen<\/h3>\n<p>\nWir entwickeln und fertigen ma\u00dfgeschneiderte Konstruktionen, die sich vollst\u00e4ndig an die spezifischen technischen und r\u00e4umlichen Anforderungen anpassen lassen.<\/p>\n<\/div><\/div>\n<\/div>\n<\/div>\n<\/div>","protected":false},"excerpt":{"rendered":"","protected":false},"author":1,"featured_media":0,"parent":0,"menu_order":0,"comment_status":"closed","ping_status":"closed","template":"","meta":{"footnotes":""},"class_list":["post-801","page","type-page","status-publish","hentry"],"_links":{"self":[{"href":"https:\/\/metallmar.si\/de\/wp-json\/wp\/v2\/pages\/801","targetHints":{"allow":["GET"]}}],"collection":[{"href":"https:\/\/metallmar.si\/de\/wp-json\/wp\/v2\/pages"}],"about":[{"href":"https:\/\/metallmar.si\/de\/wp-json\/wp\/v2\/types\/page"}],"author":[{"embeddable":true,"href":"https:\/\/metallmar.si\/de\/wp-json\/wp\/v2\/users\/1"}],"replies":[{"embeddable":true,"href":"https:\/\/metallmar.si\/de\/wp-json\/wp\/v2\/comments?post=801"}],"version-history":[{"count":5,"href":"https:\/\/metallmar.si\/de\/wp-json\/wp\/v2\/pages\/801\/revisions"}],"predecessor-version":[{"id":1898,"href":"https:\/\/metallmar.si\/de\/wp-json\/wp\/v2\/pages\/801\/revisions\/1898"}],"wp:attachment":[{"href":"https:\/\/metallmar.si\/de\/wp-json\/wp\/v2\/media?parent=801"}],"curies":[{"name":"wp","href":"https:\/\/api.w.org\/{rel}","templated":true}]}}