{"id":713,"date":"2025-04-11T13:31:53","date_gmt":"2025-04-11T13:31:53","guid":{"rendered":"https:\/\/metallmar.webify.si\/?page_id=713"},"modified":"2025-06-26T06:05:15","modified_gmt":"2025-06-26T06:05:15","slug":"prilagojeni_kovinski_izdelki_za_vas_objekt","status":"publish","type":"page","link":"https:\/\/metallmar.si\/de\/prilagojeni_kovinski_izdelki_za_vas_objekt\/","title":{"rendered":"Ma\u00dfgeschneiderte Metallprodukte f\u00fcr Ihre Einrichtung"},"content":{"rendered":"<div class=\"et_pb_section_0 et_pb_section et_section_regular et_flex_section\">\n<div class=\"et_pb_row_0 et_pb_row et_flex_row\">\n<div class=\"et_pb_column_0 et_pb_column et-last-child et_flex_column et_pb_css_mix_blend_mode_passthrough et_flex_column_24_24\">\n<div class=\"et_pb_text_0 et_pb_text et_pb_bg_layout_light et_animated et_pb_module et_flex_module\"><div class=\"et_pb_text_inner\"><h1>MASSGESCHNEIDERTE METALLPRODUKTE F\u00dcR IHRE EINRICHTUNG<\/h1>\n<\/div><\/div>\n<\/div>\n<\/div>\n<\/div>\n\n<div class=\"et_pb_section_1 et_pb_section et_section_regular et_flex_section\">\n<div class=\"et_pb_row_1 et_pb_row et_flex_row\">\n<div class=\"et_pb_column_1 et_pb_column et-last-child et_flex_column et_pb_css_mix_blend_mode_passthrough et_flex_column_24_24\">\n<div class=\"et_pb_text_1 et_pb_text et_pb_bg_layout_light et_animated et_pb_module et_flex_module\"><div class=\"et_pb_text_inner\" data-et-mv-hidden-phone=\"true\"><p>Seit Jahren stellen wir Produkte aller Art her, von Z\u00e4unen bis hin zu Pflanzgef\u00e4\u00dfen. Wir verf\u00fcgen \u00fcber einen enormen Erfahrungsschatz und sind in der Lage, auch die W\u00fcnsche der anspruchsvollsten Kunden zu erf\u00fcllen. Wir nehmen jede Herausforderung an, die uns gestellt wird. Dank unserer jahrzehntelangen Erfahrung k\u00f6nnen wir unbedingte Qualit\u00e4t garantieren. Es ist wirklich die Phantasie unseres Leiters und die W\u00fcnsche unserer Kunden, die wir immer in die Tat umsetzen werden.<\/p>\n<\/div><\/div>\n<\/div>\n<\/div>\n<\/div>\n\n<div class=\"et_pb_section_2 et_pb_section et_section_regular et_flex_section\">\n<div class=\"et_pb_row_2 et_pb_row et-vb-row--no-module et_flex_row\">\n<div class=\"et_pb_column_2 et_pb_column et_flex_column et_pb_column_empty et_pb_css_mix_blend_mode_passthrough et_flex_column_24_24\"><\/div>\n\n<div class=\"et_pb_column_3 et_pb_column et_flex_column et_pb_column_empty et_pb_css_mix_blend_mode_passthrough et_flex_column_24_24\"><\/div>\n\n<div class=\"et_pb_column_4 et_pb_column et_flex_column et_pb_column_empty et_pb_css_mix_blend_mode_passthrough et_flex_column_24_24\"><\/div>\n\n<div class=\"et_pb_column_5 et_pb_column et-last-child et_flex_column et_pb_column_empty et_pb_css_mix_blend_mode_passthrough et_flex_column_24_24\"><\/div>\n<\/div>\n\n<div class=\"et_pb_row_3 et_pb_row et_flex_row\">\n<div class=\"et_pb_column_6 et_pb_column et-last-child et_flex_column et_pb_css_mix_blend_mode_passthrough et_flex_column_24_24\">\n<div class=\"et_pb_text_2 et_pb_text et_pb_bg_layout_light et_animated et_pb_module et_flex_module\"><div class=\"et_pb_text_inner\"><h1>WAS BIETEN WIR AN?<\/h1>\n<p style=\"margin-left: 5px;\">Gemeinsam die Zukunft gestalten seit <strong>1979<\/strong><\/p>\n<\/div><\/div>\n<\/div>\n<\/div>\n\n<div class=\"et_pb_row_4 et_pb_row et_flex_row\">\n<div class=\"et_pb_column_7 et_pb_column et_flex_column et_pb_css_mix_blend_mode_passthrough et_flex_column_24_24\">\n<div class=\"et_pb_text_3 et_pb_text et_pb_bg_layout_light et_animated et_pb_module et_flex_module\"><div class=\"et_pb_text_inner\"><h3>Z\u00c4UNE<\/h3>\n<p>Wir fertigen ma\u00dfgeschneiderte Metallz\u00e4une, die Sicherheit, \u00c4sthetik und Langlebigkeit f\u00fcr alle Arten von Geb\u00e4uden vereinen.<\/p>\n<\/div><\/div>\n<\/div>\n\n<div class=\"et_pb_column_8 et_pb_column et_flex_column et_pb_css_mix_blend_mode_passthrough et_flex_column_24_24\">\n<div class=\"et_pb_text_4 et_pb_text et_pb_bg_layout_light et_animated et_pb_module et_flex_module\"><div class=\"et_pb_text_inner\"><h3>STEP<\/h3>\n<p>Unsere Metalltreppen bieten Stabilit\u00e4t, Funktionalit\u00e4t und ein stilvolles Aussehen f\u00fcr den Innen- und Au\u00dfenbereich.<\/p>\n<\/div><\/div>\n<\/div>\n\n<div class=\"et_pb_column_9 et_pb_column et_flex_column et_pb_css_mix_blend_mode_passthrough et_flex_column_24_24\">\n<div class=\"et_pb_text_5 et_pb_text et_pb_bg_layout_light et_animated et_pb_module et_flex_module\"><div class=\"et_pb_text_inner\"><h3>SUPERSTREET<\/h3>\n<p>Zuverl\u00e4ssig und \u00e4sthetisch ansprechend, bieten Metallvord\u00e4cher Schutz vor Witterungseinfl\u00fcssen und eine lange Lebensdauer.<\/p>\n<\/div><\/div>\n<\/div>\n\n<div class=\"et_pb_column_10 et_pb_column et-last-child et_flex_column et_pb_css_mix_blend_mode_passthrough et_flex_column_24_24\">\n<div class=\"et_pb_text_6 et_pb_text et_pb_bg_layout_light et_animated et_pb_module et_flex_module\"><div class=\"et_pb_text_inner\"><h3>ANDERE<\/h3>\n<p>Wir k\u00f6nnen auch andere Metallelemente nach Ma\u00df anfertigen, um Ihre technischen und \u00e4sthetischen Anforderungen perfekt zu erf\u00fcllen.<\/p>\n<\/div><\/div>\n<\/div>\n<\/div>\n<\/div>\n\n<div class=\"et_pb_section_3 et_pb_section et_section_regular et_flex_section et_pb_section_parallax\"><span class=\"et-pb-parallax-wrapper\"><span class=\"et-pb-parallax-background et-pb-parallax-background--css et-pb-parallax-background-module--divi-section-3 et_parallax_bg_phone_exist lazyload\" style=\"background-image:inherit\" data-bg-image=\"url(https:\/\/metallmar.webify.si\/wp-content\/uploads\/2025\/04\/metalmen.png)\"><\/span><\/span><span class=\"et-pb-parallax-wrapper\"><span class=\"et-pb-parallax-background et-pb-parallax-background--css et-pb-parallax-background_phone et-pb-parallax-background_phone-module--divi-section-3 lazyload\" style=\"background-image:inherit\" data-bg-image=\"url(https:\/\/metallmar.webify.si\/wp-content\/uploads\/2025\/04\/metalmen.png)\"><\/span><\/span>\n<div class=\"et_pb_row_5 et_pb_row et_flex_row\">\n<div class=\"et_pb_column_11 et_pb_column et-last-child et_flex_column et_pb_css_mix_blend_mode_passthrough et_flex_column_24_24\">\n<div class=\"et_pb_text_7 et_pb_text et_pb_bg_layout_light et_animated et_pb_module et_flex_module\"><div class=\"et_pb_text_inner\"><h1>ZAKAJ<br \/>\nMETALLMAR?<\/h1>\n<ul style=\"margin-left:7px;\">\n<li>Mehr als 40 Jahre Erfahrung<\/li>\n<li>Eigene Produktion und Montage<\/li>\n<li>Individueller Ansatz f\u00fcr jedes Projekt<\/li>\n<li>Verwendung von Qualit\u00e4tsmaterialien<\/li>\n<li>M\u00f6glichkeit zur Teilnahme an Projekten in Slowenien und im Ausland (insbesondere Deutschland)<\/li>\n<\/ul>\n<\/div><\/div>\n\n<div class=\"et_pb_module et_pb_button_module_wrapper et_pb_button_0_wrapper\"><a class=\"et_pb_button_0 et_pb_button et_pb_bg_layout_light et_animated et_pb_module et_flex_module\" href=\"https:\/\/metallmar.si\/de\/kontakt\/\" data-icon=\"5\">IHRE ANFRAGE SENDEN<\/a><\/div>\n<\/div>\n<\/div>\n<\/div>\n\n<div class=\"et_pb_section_4 et_pb_section et_section_regular et_flex_section\" id=\"vrednote\">\n<div class=\"et_pb_row_6 et_pb_row et_flex_row\">\n<div class=\"et_pb_column_12 et_pb_column et-last-child et_flex_column et_pb_css_mix_blend_mode_passthrough et_flex_column_24_24\">\n<div class=\"et_pb_text_8 et_pb_text et_pb_bg_layout_light et_animated et_pb_module et_flex_module\"><div class=\"et_pb_text_inner\"><h3>UNSER<\/h3>\n<h2 style=\"margin-top: -14px;\">ANGEBOT<\/h2>\n<\/div><\/div>\n<\/div>\n<\/div>\n<\/div>\n\n<div class=\"et_pb_section_5 et_pb_section et_section_regular et_flex_section\">\n<div class=\"et_pb_row_7 et_pb_row et_flex_row column-flex-order\">\n<div class=\"et_pb_column_13 et_pb_column et_flex_column et_pb_css_mix_blend_mode_passthrough et_flex_column_24_24 top-column\">\n<div class=\"et_pb_text_9 et_pb_text et_pb_bg_layout_light et_animated et_pb_module et_flex_module\"><div class=\"et_pb_text_inner\"><h4>PLANUNG UND BERATUNG<\/h4>\n<p>Wir beginnen jedes Projekt mit Ihnen - indem wir Ihre W\u00fcnsche, Bed\u00fcrfnisse und Visionen verstehen. Gemeinsam legen wir die grundlegenden Richtlinien und technischen Anforderungen des Projekts fest. Wenn Sie noch keine ausgereifte Idee haben, helfen wir Ihnen gerne. Unser Team aus Experten, erfahrenen Technologen und Designern ber\u00e4t Sie zu Designl\u00f6sungen, Materialien und \u00e4sthetischen Optionen. Falls erforderlich, kommen wir auch vor Ort, um genaue Messungen vorzunehmen, die f\u00fcr eine einwandfreie Ausf\u00fchrung unerl\u00e4sslich sind.<\/p>\n<\/div><\/div>\n<\/div>\n\n<div class=\"et_pb_column_14 et_pb_column et-last-child et_flex_column et_pb_css_mix_blend_mode_passthrough et_flex_column_24_24 bottom-column\">\n<div class=\"et_pb_image_0 et_pb_image et_animated et_pb_module et_flex_module\"><span class=\"et_pb_image_wrap\"><img decoding=\"async\" data-src=\"https:\/\/metallmar.webify.si\/wp-content\/uploads\/2025\/06\/Metallmar_nacrtovanje_in_svetovanje.jpg\" title=\"Metaller\" width=\"2560\" height=\"1707\" data-sizes=\"(min-width: 0px) and (max-width: 480px) 480px, (min-width: 481px) and (max-width: 980px) 980px, (min-width: 981px) and (max-width: 1280px) 1280px, (min-width: 1281px) 2560px, 100vw\" class=\"wp-image-112 lazyload\" src=\"data:image\/svg+xml;base64,PHN2ZyB3aWR0aD0iMSIgaGVpZ2h0PSIxIiB4bWxucz0iaHR0cDovL3d3dy53My5vcmcvMjAwMC9zdmciPjwvc3ZnPg==\" style=\"--smush-placeholder-width: 2560px; --smush-placeholder-aspect-ratio: 2560\/1707;\" \/><\/span><\/div>\n<\/div>\n<\/div>\n\n<div class=\"et_pb_row_8 et_pb_row et_flex_row column-flex-order\">\n<div class=\"et_pb_column_15 et_pb_column et_flex_column et_pb_css_mix_blend_mode_passthrough et_flex_column_24_24 bottom-column\">\n<div class=\"et_pb_image_1 et_pb_image et_animated et_pb_module et_flex_module\"><span class=\"et_pb_image_wrap\"><img decoding=\"async\" data-src=\"https:\/\/metallmar.webify.si\/wp-content\/uploads\/2025\/06\/Metallmar_priprava_idejne_zasnove.jpg\" title=\"Metaller\" width=\"2560\" height=\"1707\" data-sizes=\"(min-width: 0px) and (max-width: 480px) 480px, (min-width: 481px) and (max-width: 980px) 980px, (min-width: 981px) and (max-width: 1280px) 1280px, (min-width: 1281px) 2560px, 100vw\" class=\"wp-image-112 lazyload\" src=\"data:image\/svg+xml;base64,PHN2ZyB3aWR0aD0iMSIgaGVpZ2h0PSIxIiB4bWxucz0iaHR0cDovL3d3dy53My5vcmcvMjAwMC9zdmciPjwvc3ZnPg==\" style=\"--smush-placeholder-width: 2560px; --smush-placeholder-aspect-ratio: 2560\/1707;\" \/><\/span><\/div>\n<\/div>\n\n<div class=\"et_pb_column_16 et_pb_column et-last-child et_flex_column et_pb_css_mix_blend_mode_passthrough et_flex_column_24_24 top-column\">\n<div class=\"et_pb_text_10 et_pb_text et_pb_bg_layout_light et_animated et_pb_module et_flex_module\"><div class=\"et_pb_text_inner\" data-et-mv-hidden-phone=\"true\"><h4>KONZEPTIONELLER ENTWURF <\/h4>\n<p>Kjer je to mogo\u010de, vam pripravimo fotorealisti\u010dno vizualizacijo, ki prikazuje, kako bo izdelek videti na va\u0161em objektu. na ta na\u010din si lahko \u017ee vnaprej jasno predstavljate kon\u010dni izgled in presodite, ali \u017eelite izdelek \u0161e dodatno prilagoditi \u2013 bodisi po obliki, barvi ali detajlih.<br \/>\nv primerih, ko fotorealisti\u010dna vizualizacija ni mogo\u010da (npr. \u010de objekt \u0161e ni zgrajen), pripravimo 3d prikaz izdelka, ki se \u010dim bolj pribli\u017ea realnemu videzu v danem prostoru in okolju.<\/p>\n<\/div><\/div>\n<\/div>\n<\/div>\n\n<div class=\"et_pb_row_9 et_pb_row et_flex_row column-flex-order\">\n<div class=\"et_pb_column_17 et_pb_column et_flex_column et_pb_css_mix_blend_mode_passthrough et_flex_column_24_24 top-column\">\n<div class=\"et_pb_text_11 et_pb_text et_pb_bg_layout_light et_animated et_pb_module et_flex_module\"><div class=\"et_pb_text_inner\"><h4>ERSTELLUNG DER TECHNISCHEN DOKUMENTATION<\/h4>\n<p>Auf der Grundlage der vereinbarten Parameter erstellt unser Team von technischen Zeichnern technische Pl\u00e4ne und Werkstattzeichnungen, die die Grundlage f\u00fcr eine genaue und effiziente Produktion bilden.<\/p>\n<\/div><\/div>\n<\/div>\n\n<div class=\"et_pb_column_18 et_pb_column et-last-child et_flex_column et_pb_css_mix_blend_mode_passthrough et_flex_column_24_24 bottom-column\">\n<div class=\"et_pb_image_2 et_pb_image et_animated et_pb_module et_flex_module\"><span class=\"et_pb_image_wrap\"><img decoding=\"async\" data-src=\"https:\/\/metallmar.webify.si\/wp-content\/uploads\/2025\/06\/Metallmar_priprava_tehnicne_dokumentacije.jpg\" title=\"Metaller\" width=\"2560\" height=\"1707\" data-sizes=\"(min-width: 0px) and (max-width: 480px) 480px, (min-width: 481px) and (max-width: 980px) 980px, (min-width: 981px) and (max-width: 1280px) 1280px, (min-width: 1281px) 2560px, 100vw\" class=\"wp-image-112 lazyload\" src=\"data:image\/svg+xml;base64,PHN2ZyB3aWR0aD0iMSIgaGVpZ2h0PSIxIiB4bWxucz0iaHR0cDovL3d3dy53My5vcmcvMjAwMC9zdmciPjwvc3ZnPg==\" style=\"--smush-placeholder-width: 2560px; --smush-placeholder-aspect-ratio: 2560\/1707;\" \/><\/span><\/div>\n<\/div>\n<\/div>\n\n<div class=\"et_pb_row_10 et_pb_row et_flex_row column-flex-order\">\n<div class=\"et_pb_column_19 et_pb_column et_flex_column et_pb_css_mix_blend_mode_passthrough et_flex_column_24_24 bottom-column\">\n<div class=\"et_pb_image_3 et_pb_image et_animated et_pb_module et_flex_module\"><span class=\"et_pb_image_wrap\"><img decoding=\"async\" data-src=\"https:\/\/metallmar.webify.si\/wp-content\/uploads\/2025\/06\/Metallmar_proizvodnja.jpg\" title=\"Metaller\" width=\"2560\" height=\"1707\" data-sizes=\"(min-width: 0px) and (max-width: 480px) 480px, (min-width: 481px) and (max-width: 980px) 980px, (min-width: 981px) and (max-width: 1280px) 1280px, (min-width: 1281px) 2560px, 100vw\" class=\"wp-image-112 lazyload\" src=\"data:image\/svg+xml;base64,PHN2ZyB3aWR0aD0iMSIgaGVpZ2h0PSIxIiB4bWxucz0iaHR0cDovL3d3dy53My5vcmcvMjAwMC9zdmciPjwvc3ZnPg==\" style=\"--smush-placeholder-width: 2560px; --smush-placeholder-aspect-ratio: 2560\/1707;\" \/><\/span><\/div>\n<\/div>\n\n<div class=\"et_pb_column_20 et_pb_column et-last-child et_flex_column et_pb_css_mix_blend_mode_passthrough et_flex_column_24_24 top-column\">\n<div class=\"et_pb_text_12 et_pb_text et_pb_bg_layout_light et_animated et_pb_module et_flex_module\"><div class=\"et_pb_text_inner\"><h4>HERSTELLUNG DES PRODUKTS IN DER PRODUKTION<\/h4>\n<p>Sobald das Projekt genehmigt ist, geht es in unserer hochmodernen Produktionsst\u00e4tte in Produktion, wo unsere erfahrenen Fachleute es mit Pr\u00e4zision und Qualit\u00e4t herstellen. Dank unserer eigenen Ausr\u00fcstung und unserer qualifizierten Mitarbeiter k\u00f6nnen wir hohe Qualit\u00e4t und optimierte Produktionszeiten garantieren.<br \/>Wir verwenden fortschrittliche technologische Verfahren wie Laserschneiden, CNC-Bearbeitung, Standardschwei\u00dfen, Oberfl\u00e4chenbehandlung (Sandstrahlen, Pulverbeschichtung, Feuerverzinkung usw.).<br \/>Wir stellen sicher, dass jedes Produkt mit \u00e4u\u00dferster Pr\u00e4zision und in \u00dcbereinstimmung mit den technischen Unterlagen und den vereinbarten Spezifikationen hergestellt wird.<\/p>\n<\/div><\/div>\n<\/div>\n<\/div>\n\n<div class=\"et_pb_row_11 et_pb_row et_flex_row column-flex-order\">\n<div class=\"et_pb_column_21 et_pb_column et_flex_column et_pb_css_mix_blend_mode_passthrough et_flex_column_24_24 top-column\">\n<div class=\"et_pb_text_13 et_pb_text et_pb_bg_layout_light et_animated et_pb_module et_flex_module\"><div class=\"et_pb_text_inner\"><h4>LIEFERUNG UND INSTALLATION<\/h4>\n<p>Wir transportieren und montieren die Konstruktionen fachgerecht vor Ort, wo die Arbeit schnell, sicher und pr\u00e4zise ausgef\u00fchrt wird.<\/p>\n<\/div><\/div>\n<\/div>\n\n<div class=\"et_pb_column_22 et_pb_column et-last-child et_flex_column et_pb_css_mix_blend_mode_passthrough et_flex_column_24_24 bottom-column\">\n<div class=\"et_pb_image_4 et_pb_image et_animated et_pb_module et_flex_module\"><span class=\"et_pb_image_wrap\"><img decoding=\"async\" data-src=\"https:\/\/metallmar.webify.si\/wp-content\/uploads\/2025\/06\/Metallmar_montaza.jpg\" title=\"Metaller\" width=\"2560\" height=\"1707\" data-sizes=\"(min-width: 0px) and (max-width: 480px) 480px, (min-width: 481px) and (max-width: 980px) 980px, (min-width: 981px) and (max-width: 1280px) 1280px, (min-width: 1281px) 2560px, 100vw\" class=\"wp-image-112 lazyload\" src=\"data:image\/svg+xml;base64,PHN2ZyB3aWR0aD0iMSIgaGVpZ2h0PSIxIiB4bWxucz0iaHR0cDovL3d3dy53My5vcmcvMjAwMC9zdmciPjwvc3ZnPg==\" style=\"--smush-placeholder-width: 2560px; --smush-placeholder-aspect-ratio: 2560\/1707;\" \/><\/span><\/div>\n<\/div>\n<\/div>\n<\/div>","protected":false},"excerpt":{"rendered":"","protected":false},"author":1,"featured_media":0,"parent":0,"menu_order":0,"comment_status":"closed","ping_status":"closed","template":"","meta":{"footnotes":""},"class_list":["post-713","page","type-page","status-publish","hentry"],"_links":{"self":[{"href":"https:\/\/metallmar.si\/de\/wp-json\/wp\/v2\/pages\/713","targetHints":{"allow":["GET"]}}],"collection":[{"href":"https:\/\/metallmar.si\/de\/wp-json\/wp\/v2\/pages"}],"about":[{"href":"https:\/\/metallmar.si\/de\/wp-json\/wp\/v2\/types\/page"}],"author":[{"embeddable":true,"href":"https:\/\/metallmar.si\/de\/wp-json\/wp\/v2\/users\/1"}],"replies":[{"embeddable":true,"href":"https:\/\/metallmar.si\/de\/wp-json\/wp\/v2\/comments?post=713"}],"version-history":[{"count":5,"href":"https:\/\/metallmar.si\/de\/wp-json\/wp\/v2\/pages\/713\/revisions"}],"predecessor-version":[{"id":1949,"href":"https:\/\/metallmar.si\/de\/wp-json\/wp\/v2\/pages\/713\/revisions\/1949"}],"wp:attachment":[{"href":"https:\/\/metallmar.si\/de\/wp-json\/wp\/v2\/media?parent=713"}],"curies":[{"name":"wp","href":"https:\/\/api.w.org\/{rel}","templated":true}]}}