{"id":373,"date":"2025-04-11T13:31:53","date_gmt":"2025-04-11T13:31:53","guid":{"rendered":"https:\/\/metallmar.webify.si\/?page_id=373"},"modified":"2025-07-29T15:41:16","modified_gmt":"2025-07-29T15:41:16","slug":"media","status":"publish","type":"page","link":"https:\/\/metallmar.si\/de\/media\/","title":{"rendered":"Medien"},"content":{"rendered":"<div class=\"et_pb_section_0 et_pb_section et_section_regular et_block_section et_pb_section_parallax\"><span class=\"et-pb-parallax-wrapper\"><span class=\"et-pb-parallax-background et-pb-parallax-background--css et-pb-parallax-background-module--divi-section-0 et_parallax_bg_phone_exist lazyload\" style=\"background-image:inherit\" data-bg-image=\"url(https:\/\/metallmar.webify.si\/wp-content\/uploads\/2025\/04\/metalmen.png)\"><\/span><\/span><span class=\"et-pb-parallax-wrapper\"><span class=\"et-pb-parallax-background et-pb-parallax-background--css et-pb-parallax-background_phone et-pb-parallax-background_phone-module--divi-section-0 lazyload\" style=\"background-image:inherit\" data-bg-image=\"url(https:\/\/metallmar.webify.si\/wp-content\/uploads\/2025\/04\/metalmen.png)\"><\/span><\/span>\n<div class=\"et_pb_row_0 et_pb_row et_pb_gutters3 et_block_row\">\n<div class=\"et_pb_column_0 et_pb_column et_pb_column_1_2 et_block_column et_pb_css_mix_blend_mode_passthrough\">\n<div class=\"et_pb_text_0 et_pb_text et_pb_bg_layout_light et_animated et_pb_module et_flex_module\"><div class=\"et_pb_text_inner\"><h1>MEDIEN<\/h1>\n<p style=\"margin-left: 5px;\">Erfahren Sie mehr \u00fcber unser Unternehmen!<\/p>\n<\/div><\/div>\n<\/div>\n\n<div class=\"et_pb_column_1 et_pb_column et_pb_column_1_2 et-last-child et_block_column et_pb_css_mix_blend_mode_passthrough\">\n<div class=\"et_pb_signup_0 et_pb_signup et_pb_newsletter et_pb_subscribe et_pb_no_bg et_pb_newsletter_description_no_title et_pb_newsletter_description_no_content et_pb_bg_layout_dark et_pb_text_align_left et_pb_text_align_left-tablet et_animated et_pb_module et_flex_module preset--module--divi-signup--f5dd8511-592b-43f8-b02a-fca5b467e34a\"><div class=\"et_pb_newsletter_description et_multi_view_hidden\"><\/div><div class=\"et_pb_newsletter_form\"><form method=\"post\" class=\"et_pb_newsletter_custom_fields\" action=\"\"><div class=\"et_pb_newsletter_result et_pb_newsletter_error\"><\/div><div class=\"et_pb_newsletter_result et_pb_newsletter_success\"><h2>Sie haben sich erfolgreich registriert!<\/h2><\/div><div class=\"et_pb_newsletter_fields et_flex_module\"><p class=\"et_pb_newsletter_field et_pb_contact_field_last et_pb_contact_field_last_tablet et_pb_contact_field_last_phone\"><label class=\"et_pb_contact_form_label\" for=\"et_pb_signup_firstname\" style=\"display: none;\">Name<\/label><input class=\"input\" id=\"et_pb_signup_firstname\" type=\"text\" placeholder=\"Name\" name=\"et_pb_signup_firstname\" \/><\/p><p class=\"et_pb_newsletter_field et_pb_contact_field_last et_pb_contact_field_last_tablet et_pb_contact_field_last_phone\"><label class=\"et_pb_contact_form_label\" for=\"et_pb_signup_email\" style=\"display: none;\">Email<\/label><input class=\"input\" id=\"et_pb_signup_email\" type=\"text\" placeholder=\"Email\" name=\"et_pb_signup_email\" \/><\/p><p class=\"et_pb_newsletter_button_wrap\"><a class=\"et_pb_button et_pb_newsletter_button\" href=\"#\"><span class=\"et_subscribe_loader\"><\/span><span class=\"et_pb_newsletter_button_text\">ABONNIEREN SIE UNSEREN NEWSLETTER<\/span><\/a><\/p><\/div><input type=\"hidden\" name=\"et_pb_signup_provider\" value=\"mailpoet\" \/><input type=\"hidden\" name=\"et_pb_signup_list_id\" value=\"3\" \/><input type=\"hidden\" name=\"et_pb_signup_account_name\" value=\"Test\" \/><input type=\"hidden\" name=\"et_pb_signup_ip_address\" value=\"true\" \/><input type=\"hidden\" name=\"et_pb_signup_checksum\" value=\"86a474396c13748d04bcc2de162d6c59\" \/><input type=\"hidden\" name=\"trp-form-language\" value=\"de\"\/><\/form><\/div><\/div>\n<\/div>\n<\/div>\n<\/div>\n\n<div class=\"et_pb_section_1 et_pb_section et_section_regular et_block_section\">\n<div class=\"et_pb_row_1 et_pb_row et_pb_gutters3 et_block_row\">\n<div class=\"et_pb_column_2 et_pb_column et_pb_column_4_4 et-last-child et_block_column et_pb_css_mix_blend_mode_passthrough\">\n<div class=\"et_pb_slider_0 et_pb_slider et_pb_slider_fullwidth_off et_pb_module et_flex_module\"><div class=\"et_pb_slides\">\n<div class=\"et_pb_slide_0 et_pb_slide et_pb_slide_with_image et_pb_media_alignment_center et_pb_bg_layout_dark\" data-slide-id=\"divi\/slide-0\"><div class=\"et_pb_container\"><div class=\"et_pb_slider_container_inner\"><div class=\"et_pb_slide_image\"><img decoding=\"async\" data-src=\"https:\/\/metallmar.webify.si\/wp-content\/uploads\/2025\/04\/metalmen.png\" width=\"2560\" height=\"1707\" data-srcset=\"https:\/\/metallmar.webify.si\/wp-content\/uploads\/2025\/04\/metalmen.png 2560w, https:\/\/metallmar.webify.si\/wp-content\/uploads\/2025\/04\/metalmen-1280x854.png 1280w, https:\/\/metallmar.webify.si\/wp-content\/uploads\/2025\/04\/metalmen-980x653.png 980w, https:\/\/metallmar.webify.si\/wp-content\/uploads\/2025\/04\/metalmen-480x320.png 480w\" data-sizes=\"(min-width: 0px) and (max-width: 480px) 480px, (min-width: 481px) and (max-width: 980px) 980px, (min-width: 981px) and (max-width: 1280px) 1280px, (min-width: 1281px) 2560px, 100vw\" class=\"wp-image-112 lazyload\" src=\"data:image\/svg+xml;base64,PHN2ZyB3aWR0aD0iMSIgaGVpZ2h0PSIxIiB4bWxucz0iaHR0cDovL3d3dy53My5vcmcvMjAwMC9zdmciPjwvc3ZnPg==\" style=\"--smush-placeholder-width: 2560px; --smush-placeholder-aspect-ratio: 2560\/1707;\" \/><\/div><div class=\"et_pb_slide_description et_flex_module\"><h2 class=\"et_pb_slide_title\">Ihr Titel geh\u00f6rt hierher<\/h2><div class=\"et_pb_slide_content\"><p>Bearbeiten oder entfernen Sie diesen Text inline oder im Modul Inhaltseinstellungen. Sie k\u00f6nnen auch jeden Aspekt dieses Inhalts im Modul Designeinstellungen gestalten und sogar benutzerdefinierte CSS auf diesen Text im Modul Erweiterte Einstellungen anwenden.<\/p>\n<\/div><div class=\"et_pb_button_wrapper\"><a class=\"et_pb_button et_pb_more_button\" href=\"#\">Klicken Sie hier<\/a><\/div><\/div><\/div><\/div><\/div>\n\n<div class=\"et_pb_slide_1 et_pb_slide et_pb_media_alignment_center et_pb_bg_layout_dark\" data-slide-id=\"divi\/slide-1\"><div class=\"et_pb_container\"><div class=\"et_pb_slider_container_inner\"><div class=\"et_pb_slide_description et_flex_module\"><h2 class=\"et_pb_slide_title\">Ihr Titel geh\u00f6rt hierher<\/h2><div class=\"et_pb_slide_content\"><p>Bearbeiten oder entfernen Sie diesen Text inline oder im Modul Inhaltseinstellungen. Sie k\u00f6nnen auch jeden Aspekt dieses Inhalts im Modul Designeinstellungen gestalten und sogar benutzerdefinierte CSS auf diesen Text im Modul Erweiterte Einstellungen anwenden.<\/p>\n<\/div><div class=\"et_pb_button_wrapper\"><a class=\"et_pb_button et_pb_more_button\" href=\"#\">Klicken Sie hier<\/a><\/div><\/div><\/div><\/div><\/div>\n<\/div><\/div>\n<\/div>\n<\/div>\n<\/div>\n\n<div class=\"et_pb_section_2 et_pb_section et_section_regular et_block_section\">\n<div class=\"et_pb_row_2 et_pb_row et_pb_gutters3 et_block_row\">\n<div class=\"et_pb_column_3 et_pb_column et_pb_column_4_4 et-last-child et_block_column et_pb_css_mix_blend_mode_passthrough\">\n<div class=\"et_pb_blog_0 et_pb_blog et_pb_bg_layout_light et_pb_posts et_pb_module preset--module--divi-blog--1f8ade78-accb-4542-8bbd-49b7279ea4b0\"><div class=\"et_pb_ajax_pagination_container\"><div class=\"et_pb_posts et_flex_module\"><article class=\"et_pb_post et_pb_post_id_2269 clearfix et_pb_blog_item_0_0 post-2269 post type-post status-publish format-standard has-post-thumbnail hentry category-uncategorized tag-elektro-varjenje tag-industrijsko-varjenje tag-kovinska-industrija tag-lasersko-varjenje tag-mag-varjenje tag-mig-varjenje tag-tig-varjenje tag-varilna-oprema tag-varilna-tehnika tag-varilni-postopki tag-varjenje tag-varjenje-aluminija tag-varjenje-kovin tag-varjenje-nerjavecega-jekla tag-zvarni-spoji\"><a href=\"https:\/\/metallmar.si\/de\/2025\/08\/07\/varilni-postopki-tig-mig-mag-lasersko-in-elektro-varjenje-primerjava-in-uporaba\/\" class=\"entry-featured-image-url\"><img decoding=\"async\" data-src=\"https:\/\/metallmar.si\/wp-content\/uploads\/2025\/08\/migmag.png\" width=\"1080\" height=\"675\" alt=\"Varilni postopki: TIG, MIG\/MAG, lasersko in elektro varjenje \u2013 primerjava in uporaba\" class=\"et_pb_post_main_image lazyload\" src=\"data:image\/svg+xml;base64,PHN2ZyB3aWR0aD0iMSIgaGVpZ2h0PSIxIiB4bWxucz0iaHR0cDovL3d3dy53My5vcmcvMjAwMC9zdmciPjwvc3ZnPg==\" style=\"--smush-placeholder-width: 1080px; --smush-placeholder-aspect-ratio: 1080\/675;\" \/><span data-icon=\"\ue050\" class=\"et_overlay et_pb_inline_icon\"><\/span><\/a><h2 class=\"entry-title\"><a href=\"https:\/\/metallmar.si\/de\/2025\/08\/07\/varilni-postopki-tig-mig-mag-lasersko-in-elektro-varjenje-primerjava-in-uporaba\/\">Schwei\u00dfverfahren: WIG, MIG\/MAG, Laser- und Elektroschwei\u00dfen - Vergleich und Anwendung<\/a><\/h2><p class=\"post-meta\"><span class=\"published\">07.08.2025<\/span> | <span class=\"entry-categories\"><a href=\"https:\/\/metallmar.si\/de\/category\/uncategorized\/\" rel=\"tag\">Uncategorized<\/a><\/span><\/p><div class=\"post-content\"><div class=\"post-content-inner\"><p>Schwei\u00dfen ist ein unverzichtbarer Prozess in der Metallindustrie, wo eine hochwertige Schwei\u00dfnaht die Festigkeit und Langlebigkeit der Produkte gew\u00e4hrleistet. Zu den g\u00e4ngigsten Schwei\u00dfverfahren geh\u00f6ren WIG-Schwei\u00dfen, MIG\/MAG...<\/p>\n<\/div><\/div><\/article><article class=\"et_pb_post et_pb_post_id_2025 clearfix et_pb_blog_item_0_1 post-2025 post type-post status-publish format-standard has-post-thumbnail hentry category-uncategorized\"><a href=\"https:\/\/metallmar.si\/de\/2025\/07\/10\/zakaj-kakovostna-povrsinska-obdelava-poveca-zivljenjsko-dobo-kovine\/\" class=\"entry-featured-image-url\"><img decoding=\"async\" data-src=\"https:\/\/metallmar.si\/wp-content\/uploads\/2025\/07\/kovina.png\" width=\"1080\" height=\"675\" alt=\"Zakaj kakovostna povr\u0161inska obdelava pove\u010da \u017eivljenjsko dobo kovine?\" class=\"et_pb_post_main_image lazyload\" src=\"data:image\/svg+xml;base64,PHN2ZyB3aWR0aD0iMSIgaGVpZ2h0PSIxIiB4bWxucz0iaHR0cDovL3d3dy53My5vcmcvMjAwMC9zdmciPjwvc3ZnPg==\" style=\"--smush-placeholder-width: 1080px; --smush-placeholder-aspect-ratio: 1080\/675;\" \/><span data-icon=\"\ue050\" class=\"et_overlay et_pb_inline_icon\"><\/span><\/a><h2 class=\"entry-title\"><a href=\"https:\/\/metallmar.si\/de\/2025\/07\/10\/zakaj-kakovostna-povrsinska-obdelava-poveca-zivljenjsko-dobo-kovine\/\">Warum verl\u00e4ngert eine hochwertige Oberfl\u00e4chenbehandlung die Lebensdauer des Metalls?<\/a><\/h2><p class=\"post-meta\"><span class=\"published\">10.07.2025<\/span> | <span class=\"entry-categories\"><a href=\"https:\/\/metallmar.si\/de\/category\/uncategorized\/\" rel=\"tag\">Uncategorized<\/a><\/span><\/p><div class=\"post-content\"><div class=\"post-content-inner\"><p>Umfassender Schutz von Metallkonstruktionen - der Schl\u00fcssel zu Langlebigkeit, Sicherheit und \u00e4sthetischer Perfektion Metall ist eines der langlebigsten und vielseitigsten Materialien im Bauwesen, in der Industrie und...<\/p>\n<\/div><\/div><\/article><article class=\"et_pb_post et_pb_post_id_2023 clearfix et_pb_blog_item_0_2 post-2023 post type-post status-publish format-standard has-post-thumbnail hentry category-uncategorized\"><a href=\"https:\/\/metallmar.si\/de\/2025\/07\/10\/primerjava-materialov-inox-aluminij-ali-pocinkano-jeklo\/\" class=\"entry-featured-image-url\"><img decoding=\"async\" data-src=\"https:\/\/metallmar.si\/wp-content\/uploads\/2025\/07\/WhatsAppova-datoteka-Slika-2025-07-10-ob-13.39.44_fbdc42ac.png\" width=\"1080\" height=\"675\" alt=\"Primerjava materialov: Inox, aluminij ali pocinkano jeklo?\" class=\"et_pb_post_main_image lazyload\" src=\"data:image\/svg+xml;base64,PHN2ZyB3aWR0aD0iMSIgaGVpZ2h0PSIxIiB4bWxucz0iaHR0cDovL3d3dy53My5vcmcvMjAwMC9zdmciPjwvc3ZnPg==\" style=\"--smush-placeholder-width: 1080px; --smush-placeholder-aspect-ratio: 1080\/675;\" \/><span data-icon=\"\ue050\" class=\"et_overlay et_pb_inline_icon\"><\/span><\/a><h2 class=\"entry-title\"><a href=\"https:\/\/metallmar.si\/de\/2025\/07\/10\/primerjava-materialov-inox-aluminij-ali-pocinkano-jeklo\/\">Materialien im Vergleich: Inox, Aluminium oder verzinkter Stahl?<\/a><\/h2><p class=\"post-meta\"><span class=\"published\">10.07.2025<\/span> | <span class=\"entry-categories\"><a href=\"https:\/\/metallmar.si\/de\/category\/uncategorized\/\" rel=\"tag\">Uncategorized<\/a><\/span><\/p><div class=\"post-content\"><div class=\"post-content-inner\"><p>Welches Material ist f\u00fcr Ihr Projekt am besten geeignet? Eigenschaften, Vorteile und Einsatzm\u00f6glichkeiten im Vergleich. Wenn Sie ein Metallprodukt entwerfen - egal ob es sich um einen Zaun, eine Struktur oder eine \u00dcberdachung handelt - w\u00e4hlen Sie das...<\/p>\n<\/div><\/div><\/article><article class=\"et_pb_post et_pb_post_id_2019 clearfix et_pb_blog_item_0_3 post-2019 post type-post status-publish format-standard has-post-thumbnail hentry category-uncategorized\"><a href=\"https:\/\/metallmar.si\/de\/2025\/07\/10\/kdaj-se-splaca-investirati-v-boljsi-material-in-kdaj-ne\/\" class=\"entry-featured-image-url\"><img decoding=\"async\" data-src=\"https:\/\/metallmar.si\/wp-content\/uploads\/2025\/07\/kovina-1.png\" width=\"1080\" height=\"675\" alt=\"Kdaj se spla\u010da investirati v bolj\u0161i material \u2013 in kdaj ne\" class=\"et_pb_post_main_image lazyload\" src=\"data:image\/svg+xml;base64,PHN2ZyB3aWR0aD0iMSIgaGVpZ2h0PSIxIiB4bWxucz0iaHR0cDovL3d3dy53My5vcmcvMjAwMC9zdmciPjwvc3ZnPg==\" style=\"--smush-placeholder-width: 1080px; --smush-placeholder-aspect-ratio: 1080\/675;\" \/><span data-icon=\"\ue050\" class=\"et_overlay et_pb_inline_icon\"><\/span><\/a><h2 class=\"entry-title\"><a href=\"https:\/\/metallmar.si\/de\/2025\/07\/10\/kdaj-se-splaca-investirati-v-boljsi-material-in-kdaj-ne\/\">Wann es sich lohnt, in besseres Material zu investieren - und wann nicht<\/a><\/h2><p class=\"post-meta\"><span class=\"published\">10.07.2025<\/span> | <span class=\"entry-categories\"><a href=\"https:\/\/metallmar.si\/de\/category\/uncategorized\/\" rel=\"tag\">Uncategorized<\/a><\/span><\/p><div class=\"post-content\"><div class=\"post-content-inner\"><p>Sollten wir jetzt ein billigeres Material w\u00e4hlen - oder ein teureres f\u00fcr eine friedliche Zukunft? In der Metallverarbeitung ist eine der wichtigsten Entscheidungen zu Beginn des Designprozesses: Welches Material soll gew\u00e4hlt werden? Wir stehen oft vor der Frage...<\/p>\n<\/div><\/div><\/article><article class=\"et_pb_post et_pb_post_id_2014 clearfix et_pb_blog_item_0_4 post-2014 post type-post status-publish format-standard has-post-thumbnail hentry category-uncategorized\"><a href=\"https:\/\/metallmar.si\/de\/2025\/07\/10\/kdaj-je-kovinska-konstrukcija-dolgorocno-cenejsa-od-betonske-ali-lesene\/\" class=\"entry-featured-image-url\"><img decoding=\"async\" data-src=\"https:\/\/metallmar.si\/wp-content\/uploads\/2025\/07\/WhatsAppova-datoteka-Slika-2025-04-07-ob-10.12.52_044c471f.jpg\" width=\"1080\" height=\"675\" alt=\"Kdaj je kovinska konstrukcija dolgoro\u010dno cenej\u0161a od betonske ali lesene?\" class=\"et_pb_post_main_image lazyload\" src=\"data:image\/svg+xml;base64,PHN2ZyB3aWR0aD0iMSIgaGVpZ2h0PSIxIiB4bWxucz0iaHR0cDovL3d3dy53My5vcmcvMjAwMC9zdmciPjwvc3ZnPg==\" style=\"--smush-placeholder-width: 1080px; --smush-placeholder-aspect-ratio: 1080\/675;\" \/><span data-icon=\"\ue050\" class=\"et_overlay et_pb_inline_icon\"><\/span><\/a><h2 class=\"entry-title\"><a href=\"https:\/\/metallmar.si\/de\/2025\/07\/10\/kdaj-je-kovinska-konstrukcija-dolgorocno-cenejsa-od-betonske-ali-lesene\/\">Wann ist der Metallbau auf Dauer billiger als Beton oder Holz?<\/a><\/h2><p class=\"post-meta\"><span class=\"published\">10.07.2025<\/span> | <span class=\"entry-categories\"><a href=\"https:\/\/metallmar.si\/de\/category\/uncategorized\/\" rel=\"tag\">Uncategorized<\/a><\/span><\/p><div class=\"post-content\"><div class=\"post-content-inner\"><p>Warum Metall langfristig die beste Wahl ist Die Entscheidung, welche Konstruktion f\u00fcr ein Geb\u00e4ude oder ein Au\u00dfenelement gew\u00e4hlt werden soll, ist nicht immer einfach. Auf dem Papier m\u00f6gen Holz oder Beton billiger aussehen, aber in Wirklichkeit...<\/p>\n<\/div><\/div><\/article><article class=\"et_pb_post et_pb_post_id_2003 clearfix et_pb_blog_item_0_5 post-2003 post type-post status-publish format-standard has-post-thumbnail hentry category-uncategorized\"><a href=\"https:\/\/metallmar.si\/de\/2025\/07\/10\/kako-prepoznati-kakovostnega-izdelovalca-kovinskih-konstrukcij\/\" class=\"entry-featured-image-url\"><img decoding=\"async\" data-src=\"https:\/\/metallmar.si\/wp-content\/uploads\/2025\/07\/WhatsAppova-datoteka-Slika-2025-04-07-ob-10.22.59_a5de149f.jpg\" width=\"1080\" height=\"675\" alt=\"Kako prepoznati kakovostnega izdelovalca kovinskih konstrukcij?\" class=\"et_pb_post_main_image lazyload\" src=\"data:image\/svg+xml;base64,PHN2ZyB3aWR0aD0iMSIgaGVpZ2h0PSIxIiB4bWxucz0iaHR0cDovL3d3dy53My5vcmcvMjAwMC9zdmciPjwvc3ZnPg==\" style=\"--smush-placeholder-width: 1080px; --smush-placeholder-aspect-ratio: 1080\/675;\" \/><span data-icon=\"\ue050\" class=\"et_overlay et_pb_inline_icon\"><\/span><\/a><h2 class=\"entry-title\"><a href=\"https:\/\/metallmar.si\/de\/2025\/07\/10\/kako-prepoznati-kakovostnega-izdelovalca-kovinskih-konstrukcij\/\">Woran erkennt man einen guten Verarbeiter?<\/a><\/h2><p class=\"post-meta\"><span class=\"published\">10.07.2025<\/span> | <span class=\"entry-categories\"><a href=\"https:\/\/metallmar.si\/de\/category\/uncategorized\/\" rel=\"tag\">Uncategorized<\/a><\/span><\/p><div class=\"post-content\"><div class=\"post-content-inner\"><p>Ein Leitfaden f\u00fcr Privatpersonen und Unternehmen auf der Suche nach einem zuverl\u00e4ssigen Partner. Wenn Sie einen Metallzaun, ein Vordach, ein Balkongel\u00e4nder oder eine gr\u00f6\u00dfere Metallkonstruktion planen, ist die Wahl des richtigen Verarbeiters entscheidend...<\/p>\n<\/div><\/div><\/article><\/div><div class=\"pagination clearfix\">\n\t<div class=\"alignleft\"><\/div>\n\t<div class=\"alignright\"><\/div>\n<\/div><\/div><\/div>\n<\/div>\n<\/div>\n<\/div>","protected":false},"excerpt":{"rendered":"","protected":false},"author":1,"featured_media":0,"parent":0,"menu_order":0,"comment_status":"closed","ping_status":"closed","template":"","meta":{"footnotes":""},"class_list":["post-373","page","type-page","status-publish","hentry"],"_links":{"self":[{"href":"https:\/\/metallmar.si\/de\/wp-json\/wp\/v2\/pages\/373","targetHints":{"allow":["GET"]}}],"collection":[{"href":"https:\/\/metallmar.si\/de\/wp-json\/wp\/v2\/pages"}],"about":[{"href":"https:\/\/metallmar.si\/de\/wp-json\/wp\/v2\/types\/page"}],"author":[{"embeddable":true,"href":"https:\/\/metallmar.si\/de\/wp-json\/wp\/v2\/users\/1"}],"replies":[{"embeddable":true,"href":"https:\/\/metallmar.si\/de\/wp-json\/wp\/v2\/comments?post=373"}],"version-history":[{"count":5,"href":"https:\/\/metallmar.si\/de\/wp-json\/wp\/v2\/pages\/373\/revisions"}],"predecessor-version":[{"id":2181,"href":"https:\/\/metallmar.si\/de\/wp-json\/wp\/v2\/pages\/373\/revisions\/2181"}],"wp:attachment":[{"href":"https:\/\/metallmar.si\/de\/wp-json\/wp\/v2\/media?parent=373"}],"curies":[{"name":"wp","href":"https:\/\/api.w.org\/{rel}","templated":true}]}}