{"id":1943,"date":"2025-06-26T06:00:27","date_gmt":"2025-06-26T06:00:27","guid":{"rendered":"https:\/\/metallmar.si\/?page_id=1943"},"modified":"2025-06-26T06:00:43","modified_gmt":"2025-06-26T06:00:43","slug":"politika_zasebnosti","status":"publish","type":"page","link":"https:\/\/metallmar.si\/de\/politika_zasebnosti\/","title":{"rendered":"Datenschutzbestimmungen"},"content":{"rendered":"<div class=\"et_pb_section_0 et_pb_section et_section_regular et_flex_section\">\n<div class=\"et_pb_row_0 et_pb_row et_flex_row\">\n<div class=\"et_pb_column_0 et_pb_column et-last-child et_flex_column et_pb_css_mix_blend_mode_passthrough et_flex_column_24_24\">\n<div class=\"et_pb_text_0 et_pb_text et_pb_bg_layout_light et_animated et_pb_module et_flex_module\"><div class=\"et_pb_text_inner\" data-et-mv-hidden-tablet=\"true\" data-et-mv-hidden-phone=\"true\"><h1>PRIVACY POLICY<\/h1>\n<\/div><\/div>\n<\/div>\n<\/div>\n<\/div>\n\n<div class=\"et_pb_section_1 et_pb_section et_section_regular et_flex_section\">\n<div class=\"et_pb_row_1 et_pb_row et_flex_row\">\n<div class=\"et_pb_column_1 et_pb_column et-last-child et_flex_column et_pb_css_mix_blend_mode_passthrough et_flex_column_24_24\">\n<div class=\"et_pb_text_1 et_pb_text et_pb_bg_layout_light et_animated et_pb_module et_flex_module\"><div class=\"et_pb_text_inner\"><p>Die Webadresse unserer Website: <a href=\"https:\/\/metallmar.si\/de\/\" style=\"color:white\"><b>https:\/\/metallmar.si<\/b><\/a><\/p>\n<p>Der f\u00fcr die Datenverarbeitung Verantwortliche im Sinne der EU-Datenschutzgrundverordnung (DSGVO) und des geltenden Datenschutzrechts ist:<\/p>\n<p><b>METALLMAR d.o.o.<br \/>\nJanez Marin\u010di\u010d<br \/>\nStruge 23, 1353 Borovnica, Slowenien<\/b><br \/>\n(nachstehend \"der Betreiber\" genannt)<\/p>\n<p>Kontakt: info@metallmar.si<\/p>\n<\/div><\/div>\n<\/div>\n<\/div>\n<\/div>\n\n<div class=\"et_pb_section_2 et_pb_section et_section_regular et_flex_section\">\n<div class=\"et_pb_row_2 et_pb_row et-vb-row--no-module et_flex_row\">\n<div class=\"et_pb_column_2 et_pb_column et_flex_column et_pb_column_empty et_pb_css_mix_blend_mode_passthrough et_flex_column_24_24\"><\/div>\n\n<div class=\"et_pb_column_3 et_pb_column et_flex_column et_pb_column_empty et_pb_css_mix_blend_mode_passthrough et_flex_column_24_24\"><\/div>\n\n<div class=\"et_pb_column_4 et_pb_column et_flex_column et_pb_column_empty et_pb_css_mix_blend_mode_passthrough et_flex_column_24_24\"><\/div>\n\n<div class=\"et_pb_column_5 et_pb_column et-last-child et_flex_column et_pb_column_empty et_pb_css_mix_blend_mode_passthrough et_flex_column_24_24\"><\/div>\n<\/div>\n\n<div class=\"et_pb_row_3 et_pb_row et_flex_row\">\n<div class=\"et_pb_column_6 et_pb_column et-last-child et_flex_column et_pb_css_mix_blend_mode_passthrough et_flex_column_24_24\">\n<div class=\"et_pb_text_2 et_pb_text et_pb_bg_layout_light et_animated et_pb_module et_flex_module\"><div class=\"et_pb_text_inner\"><h1>Personenbezogene Daten und Zweck der Verarbeitung<\/h1>\n<\/div><\/div>\n<\/div>\n<\/div>\n\n<div class=\"et_pb_row_4 et_pb_row et_flex_row\">\n<div class=\"et_pb_column_7 et_pb_column et-last-child et_flex_column et_pb_css_mix_blend_mode_passthrough et_flex_column_24_24\">\n<div class=\"et_pb_text_3 et_pb_text et_pb_bg_layout_light et_animated et_pb_module et_flex_module\"><div class=\"et_pb_text_inner\"><p>Der f\u00fcr die Verarbeitung Verantwortliche verarbeitet personenbezogene Daten, die er \u00fcber Kontaktformulare auf der Website, bei der Anmeldung zum Newsletter oder bei der \u00dcbermittlung einer Anfrage erh\u00e4lt. Diese k\u00f6nnen umfassen:<\/p>\n<ul>\n<li>Vorname und Nachname<\/li>\n<li>E-Mail Adresse<\/li>\n<li>Rufnummer<\/li>\n<li>Unternehmen (falls angegeben)<\/li>\n<li>Nachricht oder Anfrage<\/li>\n<\/ul>\n<p>Diese Daten werden ausschlie\u00dflich zum Zwecke der Kommunikation, der Erstellung von Angeboten, der Information \u00fcber Dienstleistungen oder der Beantwortung von Fragen erhoben.<\/p>\n<\/div><\/div>\n<\/div>\n<\/div>\n<\/div>\n\n<div class=\"et_pb_section_3 et_pb_section et_section_regular et_flex_section\">\n<div class=\"et_pb_row_5 et_pb_row et-vb-row--no-module et_flex_row\">\n<div class=\"et_pb_column_8 et_pb_column et_flex_column et_pb_column_empty et_pb_css_mix_blend_mode_passthrough et_flex_column_24_24\"><\/div>\n\n<div class=\"et_pb_column_9 et_pb_column et_flex_column et_pb_column_empty et_pb_css_mix_blend_mode_passthrough et_flex_column_24_24\"><\/div>\n\n<div class=\"et_pb_column_10 et_pb_column et_flex_column et_pb_column_empty et_pb_css_mix_blend_mode_passthrough et_flex_column_24_24\"><\/div>\n\n<div class=\"et_pb_column_11 et_pb_column et-last-child et_flex_column et_pb_column_empty et_pb_css_mix_blend_mode_passthrough et_flex_column_24_24\"><\/div>\n<\/div>\n\n<div class=\"et_pb_row_6 et_pb_row et_flex_row\">\n<div class=\"et_pb_column_12 et_pb_column et-last-child et_flex_column et_pb_css_mix_blend_mode_passthrough et_flex_column_24_24\">\n<div class=\"et_pb_text_4 et_pb_text et_pb_bg_layout_light et_animated et_pb_module et_flex_module\"><div class=\"et_pb_text_inner\"><h1>Rechtsgrundlage f\u00fcr die Verarbeitung<\/h1>\n<\/div><\/div>\n<\/div>\n<\/div>\n<\/div>\n\n<div class=\"et_pb_section_4 et_pb_section et_section_regular et_flex_section\">\n<div class=\"et_pb_row_7 et_pb_row et_flex_row\">\n<div class=\"et_pb_column_13 et_pb_column et-last-child et_flex_column et_pb_css_mix_blend_mode_passthrough et_flex_column_24_24\">\n<div class=\"et_pb_text_5 et_pb_text et_pb_bg_layout_light et_animated et_pb_module et_flex_module\"><div class=\"et_pb_text_inner\"><p data-start=\"1253\" data-end=\"1295\">Wir verarbeiten Ihre personenbezogenen Daten auf der Grundlage von:<\/p>\n<ul data-start=\"1297\" data-end=\"1516\">\n<li data-start=\"1297\" data-end=\"1352\">\n<p data-start=\"1299\" data-end=\"1352\">Ihre Einwilligung (z. B. bei der Anmeldung zu einem Newsletter),<\/p>\n<\/li>\n<li data-start=\"1297\" data-end=\"1352\">\n<p data-start=\"1299\" data-end=\"1352\">vertragliche Verpflichtungen (z. B. die Vorbereitung eines Angebots),<\/p>\n<\/li>\n<li data-start=\"1407\" data-end=\"1439\">\n<p data-start=\"1409\" data-end=\"1439\">rechtliche Verpflichtungen, oder<\/p>\n<\/li>\n<li data-start=\"1440\" data-end=\"1516\">\n<p data-start=\"1442\" data-end=\"1516\">das berechtigte Interesse des f\u00fcr die Verarbeitung Verantwortlichen (z. B. Verbesserung von Dienstleistungen, Analysen).<\/p>\n<\/li>\n<\/ul>\n<\/div><\/div>\n<\/div>\n<\/div>\n<\/div>\n\n<div class=\"et_pb_section_5 et_pb_section et_section_regular et_flex_section\">\n<div class=\"et_pb_row_8 et_pb_row et-vb-row--no-module et_flex_row\">\n<div class=\"et_pb_column_14 et_pb_column et_flex_column et_pb_column_empty et_pb_css_mix_blend_mode_passthrough et_flex_column_24_24\"><\/div>\n\n<div class=\"et_pb_column_15 et_pb_column et_flex_column et_pb_column_empty et_pb_css_mix_blend_mode_passthrough et_flex_column_24_24\"><\/div>\n\n<div class=\"et_pb_column_16 et_pb_column et_flex_column et_pb_column_empty et_pb_css_mix_blend_mode_passthrough et_flex_column_24_24\"><\/div>\n\n<div class=\"et_pb_column_17 et_pb_column et-last-child et_flex_column et_pb_column_empty et_pb_css_mix_blend_mode_passthrough et_flex_column_24_24\"><\/div>\n<\/div>\n\n<div class=\"et_pb_row_9 et_pb_row et_flex_row\">\n<div class=\"et_pb_column_18 et_pb_column et-last-child et_flex_column et_pb_css_mix_blend_mode_passthrough et_flex_column_24_24\">\n<div class=\"et_pb_text_6 et_pb_text et_pb_bg_layout_light et_animated et_pb_module et_flex_module\"><div class=\"et_pb_text_inner\"><h1>Speicherung von Daten<\/h1>\n<\/div><\/div>\n<\/div>\n<\/div>\n\n<div class=\"et_pb_row_10 et_pb_row et_flex_row\">\n<div class=\"et_pb_column_19 et_pb_column et-last-child et_flex_column et_pb_css_mix_blend_mode_passthrough et_flex_column_24_24\">\n<div class=\"et_pb_text_7 et_pb_text et_pb_bg_layout_light et_animated et_pb_module et_flex_module\"><div class=\"et_pb_text_inner\"><p data-start=\"1550\" data-end=\"1574\">Ihre Daten werden gespeichert:<\/p>\n<ul data-start=\"1576\" data-end=\"1768\">\n<li data-start=\"1576\" data-end=\"1655\">\n<p data-start=\"1578\" data-end=\"1655\">solange es f\u00fcr die Erf\u00fcllung des Zwecks erforderlich ist (z. B. Beantwortung einer Anfrage),<\/p>\n<\/li>\n<li data-start=\"1656\" data-end=\"1706\">\n<p data-start=\"1658\" data-end=\"1706\">bis Sie Ihre Einwilligung widerrufen (im Falle von Newslettern),<\/p>\n<\/li>\n<li data-start=\"1707\" data-end=\"1768\">\n<p data-start=\"1709\" data-end=\"1768\">im Einklang mit den gesetzlichen Fristen (Buchhaltungsdaten bis zu 10 Jahre).<\/p>\n<\/li>\n<\/ul>\n<p data-start=\"1770\" data-end=\"1829\">Nach Ablauf dieser Frist werden die Daten gel\u00f6scht oder anonymisiert.<\/p>\n<\/div><\/div>\n<\/div>\n<\/div>\n<\/div>\n\n<div class=\"et_pb_section_6 et_pb_section et_section_regular et_flex_section\">\n<div class=\"et_pb_row_11 et_pb_row et-vb-row--no-module et_flex_row\">\n<div class=\"et_pb_column_20 et_pb_column et_flex_column et_pb_column_empty et_pb_css_mix_blend_mode_passthrough et_flex_column_24_24\"><\/div>\n\n<div class=\"et_pb_column_21 et_pb_column et_flex_column et_pb_column_empty et_pb_css_mix_blend_mode_passthrough et_flex_column_24_24\"><\/div>\n\n<div class=\"et_pb_column_22 et_pb_column et_flex_column et_pb_column_empty et_pb_css_mix_blend_mode_passthrough et_flex_column_24_24\"><\/div>\n\n<div class=\"et_pb_column_23 et_pb_column et-last-child et_flex_column et_pb_column_empty et_pb_css_mix_blend_mode_passthrough et_flex_column_24_24\"><\/div>\n<\/div>\n\n<div class=\"et_pb_row_12 et_pb_row et_flex_row\">\n<div class=\"et_pb_column_24 et_pb_column et-last-child et_flex_column et_pb_css_mix_blend_mode_passthrough et_flex_column_24_24\">\n<div class=\"et_pb_text_8 et_pb_text et_pb_bg_layout_light et_animated et_pb_module et_flex_module\"><div class=\"et_pb_text_inner\"><h1>Cookies<\/h1>\n<\/div><\/div>\n<\/div>\n<\/div>\n\n<div class=\"et_pb_row_13 et_pb_row et_flex_row\">\n<div class=\"et_pb_column_25 et_pb_column et-last-child et_flex_column et_pb_css_mix_blend_mode_passthrough et_flex_column_24_24\">\n<div class=\"et_pb_text_9 et_pb_text et_pb_bg_layout_light et_animated et_pb_module et_flex_module\"><div class=\"et_pb_text_inner\"><p data-start=\"1866\" data-end=\"1949\">Unsere Website verwendet Cookies, um eine bessere Nutzererfahrung zu erm\u00f6glichen.<\/p>\n<h3 data-start=\"1951\" data-end=\"1977\"><strong data-start=\"1955\" data-end=\"1975\">Was sind Cookies?<\/strong><\/h3>\n<p data-start=\"1978\" data-end=\"2099\">Cookies sind kleine Dateien, die auf Ihrem Ger\u00e4t gespeichert werden und es erm\u00f6glichen, Sie wiederzuerkennen, wenn Sie auf eine Website zur\u00fcckkehren.<\/p>\n<h3 data-start=\"2101\" data-end=\"2125\"><strong data-start=\"2105\" data-end=\"2125\">Arten von Cookies:<\/strong><\/h3>\n<ul data-start=\"2127\" data-end=\"2334\">\n<li data-start=\"2127\" data-end=\"2186\">\n<p data-start=\"2129\" data-end=\"2186\">Streng notwendige Cookies - erm\u00f6glichen das Funktionieren der Website<\/p>\n<\/li>\n<li data-start=\"2187\" data-end=\"2271\">\n<p data-start=\"2189\" data-end=\"2271\">Analytische Cookies (z. B. Google Analytics) - helfen bei der \u00dcberwachung des Datenverkehrs<\/p>\n<\/li>\n<li data-start=\"2272\" data-end=\"2334\">\n<p data-start=\"2274\" data-end=\"2334\">Funktionale Cookies - erm\u00f6glichen es Ihnen, Inhalte zu personalisieren<\/p>\n<\/li>\n<\/ul>\n<p data-start=\"2336\" data-end=\"2460\">Der Nutzer kann die Cookies in seinem Browser jederzeit deaktivieren. Die Deaktivierung kann die Leistung der Website beeintr\u00e4chtigen.<\/p>\n<\/div><\/div>\n<\/div>\n<\/div>\n<\/div>\n\n<div class=\"et_pb_section_7 et_pb_section et_section_regular et_flex_section\">\n<div class=\"et_pb_row_14 et_pb_row et-vb-row--no-module et_flex_row\">\n<div class=\"et_pb_column_26 et_pb_column et_flex_column et_pb_column_empty et_pb_css_mix_blend_mode_passthrough et_flex_column_24_24\"><\/div>\n\n<div class=\"et_pb_column_27 et_pb_column et_flex_column et_pb_column_empty et_pb_css_mix_blend_mode_passthrough et_flex_column_24_24\"><\/div>\n\n<div class=\"et_pb_column_28 et_pb_column et_flex_column et_pb_column_empty et_pb_css_mix_blend_mode_passthrough et_flex_column_24_24\"><\/div>\n\n<div class=\"et_pb_column_29 et_pb_column et-last-child et_flex_column et_pb_column_empty et_pb_css_mix_blend_mode_passthrough et_flex_column_24_24\"><\/div>\n<\/div>\n\n<div class=\"et_pb_row_15 et_pb_row et_flex_row\">\n<div class=\"et_pb_column_30 et_pb_column et-last-child et_flex_column et_pb_css_mix_blend_mode_passthrough et_flex_column_24_24\">\n<div class=\"et_pb_text_10 et_pb_text et_pb_bg_layout_light et_animated et_pb_module et_flex_module\"><div class=\"et_pb_text_inner\"><h1>Ihre Rechte nach der GDPR<\/h1>\n<\/div><\/div>\n<\/div>\n<\/div>\n\n<div class=\"et_pb_row_16 et_pb_row et_flex_row\">\n<div class=\"et_pb_column_31 et_pb_column et-last-child et_flex_column et_pb_css_mix_blend_mode_passthrough et_flex_column_24_24\">\n<div class=\"et_pb_text_11 et_pb_text et_pb_bg_layout_light et_animated et_pb_module et_flex_module\"><div class=\"et_pb_text_inner\"><p data-start=\"2499\" data-end=\"2527\">Sie haben das Recht dazu:<\/p>\n<ul data-start=\"2529\" data-end=\"2766\">\n<li data-start=\"2529\" data-end=\"2572\">\n<p data-start=\"2531\" data-end=\"2572\">Zugang zu Ihren pers\u00f6nlichen Daten zu beantragen,<\/p>\n<\/li>\n<li data-start=\"2573\" data-end=\"2615\">\n<p data-start=\"2575\" data-end=\"2615\">eine Berichtigung oder L\u00f6schung beantragen,<\/p>\n<\/li>\n<li data-start=\"2616\" data-end=\"2652\">\n<p data-start=\"2618\" data-end=\"2652\">Sie eine Einschr\u00e4nkung der Verarbeitung beantragen,<\/p>\n<\/li>\n<li data-start=\"2653\" data-end=\"2681\">\n<p data-start=\"2655\" data-end=\"2681\">Gegenstand der Verarbeitung,<\/p>\n<\/li>\n<li data-start=\"2682\" data-end=\"2739\">\n<p data-start=\"2684\" data-end=\"2739\">Sie beantragen die \u00dcbermittlung von Daten in einem strukturierten Format,<\/p>\n<\/li>\n<li data-start=\"2740\" data-end=\"2766\">\n<p data-start=\"2742\" data-end=\"2766\">die Zustimmung zur\u00fcckziehen.<\/p>\n<\/li>\n<\/ul>\n<p data-start=\"2768\" data-end=\"2892\">Sie k\u00f6nnen Ihren Antrag schriftlich stellen an <a href=\"mailto:info@metallmar.si\">info@metallmar.si<\/a>. Der f\u00fcr die Verarbeitung Verantwortliche verpflichtet sich, innerhalb von 30 Tagen nach Eingang des Antrags zu antworten.<\/p>\n<\/div><\/div>\n<\/div>\n<\/div>\n<\/div>\n\n<div class=\"et_pb_section_8 et_pb_section et_section_regular et_flex_section\">\n<div class=\"et_pb_row_17 et_pb_row et-vb-row--no-module et_flex_row\">\n<div class=\"et_pb_column_32 et_pb_column et_flex_column et_pb_column_empty et_pb_css_mix_blend_mode_passthrough et_flex_column_24_24\"><\/div>\n\n<div class=\"et_pb_column_33 et_pb_column et_flex_column et_pb_column_empty et_pb_css_mix_blend_mode_passthrough et_flex_column_24_24\"><\/div>\n\n<div class=\"et_pb_column_34 et_pb_column et_flex_column et_pb_column_empty et_pb_css_mix_blend_mode_passthrough et_flex_column_24_24\"><\/div>\n\n<div class=\"et_pb_column_35 et_pb_column et-last-child et_flex_column et_pb_column_empty et_pb_css_mix_blend_mode_passthrough et_flex_column_24_24\"><\/div>\n<\/div>\n\n<div class=\"et_pb_row_18 et_pb_row et_flex_row\">\n<div class=\"et_pb_column_36 et_pb_column et-last-child et_flex_column et_pb_css_mix_blend_mode_passthrough et_flex_column_24_24\">\n<div class=\"et_pb_text_12 et_pb_text et_pb_bg_layout_light et_animated et_pb_module et_flex_module\"><div class=\"et_pb_text_inner\"><h1>Sicherheit<\/h1>\n<\/div><\/div>\n<\/div>\n<\/div>\n\n<div class=\"et_pb_row_19 et_pb_row et_flex_row\">\n<div class=\"et_pb_column_37 et_pb_column et-last-child et_flex_column et_pb_css_mix_blend_mode_passthrough et_flex_column_24_24\">\n<div class=\"et_pb_text_13 et_pb_text et_pb_bg_layout_light et_animated et_pb_module et_flex_module\"><div class=\"et_pb_text_inner\"><p>Die Daten werden durch geeignete technische und organisatorische Ma\u00dfnahmen gesch\u00fctzt. Die Website ist durch ein SSL-Zertifikat gesch\u00fctzt.<\/p>\n<\/div><\/div>\n<\/div>\n<\/div>\n<\/div>\n\n<div class=\"et_pb_section_9 et_pb_section et_section_regular et_flex_section\">\n<div class=\"et_pb_row_20 et_pb_row et-vb-row--no-module et_flex_row\">\n<div class=\"et_pb_column_38 et_pb_column et_flex_column et_pb_column_empty et_pb_css_mix_blend_mode_passthrough et_flex_column_24_24\"><\/div>\n\n<div class=\"et_pb_column_39 et_pb_column et_flex_column et_pb_column_empty et_pb_css_mix_blend_mode_passthrough et_flex_column_24_24\"><\/div>\n\n<div class=\"et_pb_column_40 et_pb_column et_flex_column et_pb_column_empty et_pb_css_mix_blend_mode_passthrough et_flex_column_24_24\"><\/div>\n\n<div class=\"et_pb_column_41 et_pb_column et-last-child et_flex_column et_pb_column_empty et_pb_css_mix_blend_mode_passthrough et_flex_column_24_24\"><\/div>\n<\/div>\n\n<div class=\"et_pb_row_21 et_pb_row et_flex_row\">\n<div class=\"et_pb_column_42 et_pb_column et-last-child et_flex_column et_pb_css_mix_blend_mode_passthrough et_flex_column_24_24\">\n<div class=\"et_pb_text_14 et_pb_text et_pb_bg_layout_light et_animated et_pb_module et_flex_module\"><div class=\"et_pb_text_inner\"><h1>Urheberrecht<\/h1>\n<\/div><\/div>\n<\/div>\n<\/div>\n\n<div class=\"et_pb_row_22 et_pb_row et_flex_row\">\n<div class=\"et_pb_column_43 et_pb_column et-last-child et_flex_column et_pb_css_mix_blend_mode_passthrough et_flex_column_24_24\">\n<div class=\"et_pb_text_15 et_pb_text et_pb_bg_layout_light et_animated et_pb_module et_flex_module\"><div class=\"et_pb_text_inner\"><p>Alle Inhalte auf metallmar.si (Texte, Fotos, Grafiken) unterliegen dem Urheberrecht von Metallmar und d\u00fcrfen ohne schriftliche Zustimmung nicht kopiert oder verbreitet werden.<\/p>\n<\/div><\/div>\n<\/div>\n<\/div>\n<\/div>\n\n<div class=\"et_pb_section_10 et_pb_section et_section_regular et_flex_section\">\n<div class=\"et_pb_row_23 et_pb_row et-vb-row--no-module et_flex_row\">\n<div class=\"et_pb_column_44 et_pb_column et_flex_column et_pb_column_empty et_pb_css_mix_blend_mode_passthrough et_flex_column_24_24\"><\/div>\n\n<div class=\"et_pb_column_45 et_pb_column et_flex_column et_pb_column_empty et_pb_css_mix_blend_mode_passthrough et_flex_column_24_24\"><\/div>\n\n<div class=\"et_pb_column_46 et_pb_column et_flex_column et_pb_column_empty et_pb_css_mix_blend_mode_passthrough et_flex_column_24_24\"><\/div>\n\n<div class=\"et_pb_column_47 et_pb_column et-last-child et_flex_column et_pb_column_empty et_pb_css_mix_blend_mode_passthrough et_flex_column_24_24\"><\/div>\n<\/div>\n\n<div class=\"et_pb_row_24 et_pb_row et_flex_row\">\n<div class=\"et_pb_column_48 et_pb_column et-last-child et_flex_column et_pb_css_mix_blend_mode_passthrough et_flex_column_24_24\">\n<div class=\"et_pb_text_16 et_pb_text et_pb_bg_layout_light et_animated et_pb_module et_flex_module\"><div class=\"et_pb_text_inner\"><h1>\u00c4nderungen der Politik<\/h1>\n<\/div><\/div>\n<\/div>\n<\/div>\n\n<div class=\"et_pb_row_25 et_pb_row et_flex_row\">\n<div class=\"et_pb_column_49 et_pb_column et-last-child et_flex_column et_pb_css_mix_blend_mode_passthrough et_flex_column_24_24\">\n<div class=\"et_pb_text_17 et_pb_text et_pb_bg_layout_light et_animated et_pb_module et_flex_module\"><div class=\"et_pb_text_inner\"><p>Wir behalten uns das Recht vor, diese Datenschutzrichtlinie von Zeit zu Zeit zu aktualisieren. Alle \u00c4nderungen werden auf dieser Seite ver\u00f6ffentlicht.<\/p>\n<\/div><\/div>\n<\/div>\n<\/div>\n<\/div>","protected":false},"excerpt":{"rendered":"","protected":false},"author":1,"featured_media":0,"parent":0,"menu_order":0,"comment_status":"closed","ping_status":"closed","template":"","meta":{"footnotes":""},"class_list":["post-1943","page","type-page","status-publish","hentry"],"_links":{"self":[{"href":"https:\/\/metallmar.si\/de\/wp-json\/wp\/v2\/pages\/1943","targetHints":{"allow":["GET"]}}],"collection":[{"href":"https:\/\/metallmar.si\/de\/wp-json\/wp\/v2\/pages"}],"about":[{"href":"https:\/\/metallmar.si\/de\/wp-json\/wp\/v2\/types\/page"}],"author":[{"embeddable":true,"href":"https:\/\/metallmar.si\/de\/wp-json\/wp\/v2\/users\/1"}],"replies":[{"embeddable":true,"href":"https:\/\/metallmar.si\/de\/wp-json\/wp\/v2\/comments?post=1943"}],"version-history":[{"count":3,"href":"https:\/\/metallmar.si\/de\/wp-json\/wp\/v2\/pages\/1943\/revisions"}],"predecessor-version":[{"id":1946,"href":"https:\/\/metallmar.si\/de\/wp-json\/wp\/v2\/pages\/1943\/revisions\/1946"}],"wp:attachment":[{"href":"https:\/\/metallmar.si\/de\/wp-json\/wp\/v2\/media?parent=1943"}],"curies":[{"name":"wp","href":"https:\/\/api.w.org\/{rel}","templated":true}]}}