{"id":1381,"date":"2025-04-11T13:31:53","date_gmt":"2025-04-11T13:31:53","guid":{"rendered":"https:\/\/metallmar.webify.si\/?page_id=1381"},"modified":"2025-06-26T06:06:20","modified_gmt":"2025-06-26T06:06:20","slug":"ostale_storitve","status":"publish","type":"page","link":"https:\/\/metallmar.si\/de\/ostale_storitve\/","title":{"rendered":"Sonstige Dienstleistungen"},"content":{"rendered":"<div class=\"et_pb_section_0 et_pb_section et_section_regular et_flex_section\">\n<div class=\"et_pb_row_0 et_pb_row et_flex_row\">\n<div class=\"et_pb_column_0 et_pb_column et-last-child et_flex_column et_pb_css_mix_blend_mode_passthrough et_flex_column_24_24\">\n<div class=\"et_pb_text_0 et_pb_text et_pb_bg_layout_light et_animated et_pb_module et_flex_module\"><div class=\"et_pb_text_inner\"><h1>SONSTIGE DIENSTLEISTUNGEN<\/h1>\n<\/div><\/div>\n<\/div>\n<\/div>\n<\/div>\n\n<div class=\"et_pb_section_1 et_pb_section et_section_regular et_flex_section\">\n<div class=\"et_pb_row_1 et_pb_row et_flex_row\">\n<div class=\"et_pb_column_1 et_pb_column et_flex_column et_pb_css_mix_blend_mode_passthrough et_flex_column_24_24\">\n<div class=\"et_pb_text_1 et_pb_text et_pb_bg_layout_light et_animated et_pb_module et_flex_module\"><div class=\"et_pb_text_inner\"><p>Zus\u00e4tzlich zu den strukturellen Projekten bietet Metallmar eine Reihe von spezialisierten Dienstleistungen wie industrielle Wartung, professionelles Schwei\u00dfen, Metallbiegen und mechanisches Schneiden von Blechen. Unsere erfahrenen Techniker- und Schwei\u00dferteams gew\u00e4hrleisten eine schnelle Reaktion, Pr\u00e4zision und Sicherheit bei der Montage von Industrieanlagen sowie bei der Wartung und Reparatur von Metallkomponenten.<\/p>\n<\/div><\/div>\n<\/div>\n\n<div class=\"et_pb_column_2 et_pb_column et-last-child et_flex_column et_pb_css_mix_blend_mode_passthrough et_flex_column_24_24\">\n<div class=\"et_pb_text_2 et_pb_text et_pb_bg_layout_light et_animated et_pb_module et_flex_module\"><div class=\"et_pb_text_inner\"><p>Wir verwenden moderne technologische Ausr\u00fcstung (CNC-Biegemaschinen, professionelle Schwei\u00dfmaschinen, mechanische Scheren) und bew\u00e4hrte Verfahren, um ein hochwertiges Endprodukt zu erzielen. Wir bieten einen ma\u00dfgeschneiderten Service, entweder als Einzelma\u00dfnahme oder als Teil einer umfassenderen industriellen L\u00f6sung - zuverl\u00e4ssig, wiederholbar und technisch einwandfrei.<\/p>\n<\/div><\/div>\n<\/div>\n<\/div>\n<\/div>\n\n<div class=\"et_pb_section_2 et_pb_section et_section_regular et_flex_section\">\n<div class=\"et_pb_row_2 et_pb_row et-vb-row--no-module et_flex_row\">\n<div class=\"et_pb_column_3 et_pb_column et_flex_column et_pb_column_empty et_pb_css_mix_blend_mode_passthrough et_flex_column_24_24\"><\/div>\n\n<div class=\"et_pb_column_4 et_pb_column et_flex_column et_pb_column_empty et_pb_css_mix_blend_mode_passthrough et_flex_column_24_24\"><\/div>\n\n<div class=\"et_pb_column_5 et_pb_column et_flex_column et_pb_column_empty et_pb_css_mix_blend_mode_passthrough et_flex_column_24_24\"><\/div>\n\n<div class=\"et_pb_column_6 et_pb_column et-last-child et_flex_column et_pb_column_empty et_pb_css_mix_blend_mode_passthrough et_flex_column_24_24\"><\/div>\n<\/div>\n\n<div class=\"et_pb_row_3 et_pb_row et_flex_row\">\n<div class=\"et_pb_column_7 et_pb_column et-last-child et_flex_column et_pb_css_mix_blend_mode_passthrough et_flex_column_24_24\">\n<div class=\"et_pb_text_3 et_pb_text et_pb_bg_layout_light et_animated et_pb_module et_flex_module\"><div class=\"et_pb_text_inner\"><h1>INDUSTRIELLE INSTANDHALTUNG<\/h1>\n<p style=\"margin-left: 5px;\">Gemeinsam die Zukunft gestalten seit <strong>1979<\/strong><\/p>\n<\/div><\/div>\n<\/div>\n<\/div>\n\n<div class=\"et_pb_row_4 et_pb_row et_flex_row\">\n<div class=\"et_pb_column_8 et_pb_column et_flex_column et_pb_css_mix_blend_mode_passthrough et_flex_column_24_24\">\n<div class=\"et_pb_text_4 et_pb_text et_pb_bg_layout_light et_animated et_pb_module et_flex_module\"><div class=\"et_pb_text_inner\"><h3>Montage und Demontage von Industrieanlagen<\/h3>\n<p>Wir montieren und demontieren Maschinen, Anlagen, Strukturen und Komponenten schnell, pr\u00e4zise und sicher.<\/p>\n<\/div><\/div>\n<\/div>\n\n<div class=\"et_pb_column_9 et_pb_column et_flex_column et_pb_css_mix_blend_mode_passthrough et_flex_column_24_24\">\n<div class=\"et_pb_text_5 et_pb_text et_pb_bg_layout_light et_animated et_pb_module et_flex_module\"><div class=\"et_pb_text_inner\"><h3>Service und Reparaturen<\/h3>\n<p>Wir f\u00fchren pr\u00e4ventive und kurative Eingriffe an Metallteilen von Konstruktionen, Maschinen, geschwei\u00dften Komponenten und anderen Baugruppen durch. Besch\u00e4digte Teile werden, falls erforderlich, wiederhergestellt.<\/p>\n<\/div><\/div>\n<\/div>\n\n<div class=\"et_pb_column_10 et_pb_column et_flex_column et_pb_css_mix_blend_mode_passthrough et_flex_column_24_24\">\n<div class=\"et_pb_text_6 et_pb_text et_pb_bg_layout_light et_animated et_pb_module et_flex_module\"><div class=\"et_pb_text_inner\"><h3>Ma\u00dfgeschneiderte Wartungsunterst\u00fctzung<\/h3>\n<p>Gemeinsam mit dem Kunden stellen wir einen Wartungsplan auf und f\u00fchren je nach Bedarf regelm\u00e4\u00dfige oder dringende Eingriffe vor Ort durch.<\/p>\n<\/div><\/div>\n<\/div>\n\n<div class=\"et_pb_column_11 et_pb_column et-last-child et_flex_column et_pb_css_mix_blend_mode_passthrough et_flex_column_24_24\">\n<div class=\"et_pb_text_7 et_pb_text et_pb_bg_layout_light et_animated et_pb_module et_flex_module\"><div class=\"et_pb_text_inner\"><h3>Schnelle Reaktion und erfahrenes Personal<\/h3>\n<p>Unser Team von Technikern und Installateuren ist bereit, vor Ort zu arbeiten, \u00fcberall in Slowenien oder im Ausland - schnell, effizient und professionell.<\/p>\n<\/div><\/div>\n<\/div>\n<\/div>\n<\/div>\n\n<div class=\"et_pb_section_3 et_pb_section et_section_regular et_flex_section et_pb_section_parallax\"><span class=\"et-pb-parallax-wrapper\"><span class=\"et-pb-parallax-background et-pb-parallax-background--css et-pb-parallax-background-module--divi-section-3 et_parallax_bg_phone_exist lazyload\" style=\"background-image:inherit\" data-bg-image=\"url(https:\/\/metallmar.webify.si\/wp-content\/uploads\/2025\/04\/metalmen.png)\"><\/span><\/span><span class=\"et-pb-parallax-wrapper\"><span class=\"et-pb-parallax-background et-pb-parallax-background--css et-pb-parallax-background_phone et-pb-parallax-background_phone-module--divi-section-3 lazyload\" style=\"background-image:inherit\" data-bg-image=\"url(https:\/\/metallmar.webify.si\/wp-content\/uploads\/2025\/04\/metalmen.png)\"><\/span><\/span>\n<div class=\"et_pb_row_5 et_pb_row et_flex_row\">\n<div class=\"et_pb_column_12 et_pb_column et-last-child et_flex_column et_pb_css_mix_blend_mode_passthrough et_flex_column_24_24\">\n<div class=\"et_pb_text_8 et_pb_text et_pb_bg_layout_light et_animated et_pb_module et_flex_module\"><div class=\"et_pb_text_inner\"><h1>ZAKAJ<br \/>\nMETALLMAR?<\/h1>\n<ul style=\"margin-left:7px;\">\n<li>Mehr als 40 Jahre Erfahrung<\/li>\n<li>Eigene Produktion und Montage<\/li>\n<li>Individueller Ansatz f\u00fcr jedes Projekt<\/li>\n<li>Verwendung von Qualit\u00e4tsmaterialien<\/li>\n<li>M\u00f6glichkeit zur Teilnahme an Projekten in Slowenien und im Ausland (insbesondere Deutschland)<\/li>\n<\/ul>\n<\/div><\/div>\n\n<div class=\"et_pb_module et_pb_button_module_wrapper et_pb_button_0_wrapper\"><a class=\"et_pb_button_0 et_pb_button et_pb_bg_layout_light et_animated et_pb_module et_flex_module\" href=\"https:\/\/metallmar.si\/de\/kontakt\/\" data-icon=\"5\">IHRE ANFRAGE SENDEN<\/a><\/div>\n<\/div>\n<\/div>\n<\/div>\n\n<div class=\"et_pb_section_4 et_pb_section et_section_regular et_flex_section\">\n<div class=\"et_pb_row_6 et_pb_row et-vb-row--no-module et_flex_row\">\n<div class=\"et_pb_column_13 et_pb_column et_flex_column et_pb_column_empty et_pb_css_mix_blend_mode_passthrough et_flex_column_24_24\"><\/div>\n\n<div class=\"et_pb_column_14 et_pb_column et_flex_column et_pb_column_empty et_pb_css_mix_blend_mode_passthrough et_flex_column_24_24\"><\/div>\n\n<div class=\"et_pb_column_15 et_pb_column et_flex_column et_pb_column_empty et_pb_css_mix_blend_mode_passthrough et_flex_column_24_24\"><\/div>\n\n<div class=\"et_pb_column_16 et_pb_column et-last-child et_flex_column et_pb_column_empty et_pb_css_mix_blend_mode_passthrough et_flex_column_24_24\"><\/div>\n<\/div>\n\n<div class=\"et_pb_row_7 et_pb_row et_flex_row\">\n<div class=\"et_pb_column_17 et_pb_column et-last-child et_flex_column et_pb_css_mix_blend_mode_passthrough et_flex_column_24_24\">\n<div class=\"et_pb_text_9 et_pb_text et_pb_bg_layout_light et_animated et_pb_module et_flex_module\"><div class=\"et_pb_text_inner\"><h1>INDIVIDUELLE DIENSTLEISTUNGEN<\/h1>\n<\/div><\/div>\n<\/div>\n<\/div>\n<\/div>\n\n<div class=\"et_pb_section_5 et_pb_section et_section_regular et_flex_section\">\n<div class=\"et_pb_row_8 et_pb_row et_flex_row\">\n<div class=\"et_pb_column_18 et_pb_column et_flex_column et_pb_css_mix_blend_mode_passthrough et_flex_column_24_24\">\n<div class=\"et_pb_text_10 et_pb_text et_pb_bg_layout_light et_animated et_pb_module et_flex_module\"><div class=\"et_pb_text_inner\"><h3>VARIATION<\/h3>\n<p>Pr\u00e4zisionsschwei\u00dfen aller Arten von Metallen - von Inox bis Aluminium, mit modernsten Verfahren und erfahrenen Handwerkern.<\/p>\n<\/div><\/div>\n\n<div class=\"et_pb_module et_pb_button_module_wrapper et_pb_button_1_wrapper\"><a class=\"et_pb_button_1 et_pb_button et_pb_bg_layout_light et_animated et_pb_module et_flex_module dl-popup-trigger\" href=\"#varjenje\">READ MORE<\/a><\/div>\n<\/div>\n\n<div class=\"et_pb_column_19 et_pb_column et_flex_column et_pb_css_mix_blend_mode_passthrough et_flex_column_24_24\">\n<div class=\"et_pb_text_11 et_pb_text et_pb_bg_layout_light et_animated et_pb_module et_flex_module\"><div class=\"et_pb_text_inner\"><h3>METALLBIEGEN<\/h3>\n<p>CNC-Biegen von Blechen und Rohren - f\u00fcr eine perfekte Form ohne Schwei\u00dfen und mit extremer Wiederholgenauigkeit.<\/p>\n<\/div><\/div>\n\n<div class=\"et_pb_module et_pb_button_module_wrapper et_pb_button_2_wrapper\"><a class=\"et_pb_button_2 et_pb_button et_pb_bg_layout_light et_animated et_pb_module et_flex_module dl-popup-trigger\" href=\"#kovinsko_krivljenje\">READ MORE<\/a><\/div>\n<\/div>\n\n<div class=\"et_pb_column_20 et_pb_column et-last-child et_flex_column et_pb_css_mix_blend_mode_passthrough et_flex_column_24_24\">\n<div class=\"et_pb_text_12 et_pb_text et_pb_bg_layout_light et_animated et_pb_module et_flex_module\"><div class=\"et_pb_text_inner\"><h3>SCHNEIDEN MIT DER SCHERE<\/h3>\n<p>Schnelles und pr\u00e4zises mechanisches Schneiden von Blechen - ohne Verformung, ideal f\u00fcr die Produktvorbereitung.<\/p>\n<\/div><\/div>\n\n<div class=\"et_pb_module et_pb_button_module_wrapper et_pb_button_3_wrapper\"><a class=\"et_pb_button_3 et_pb_button et_pb_bg_layout_light et_animated et_pb_module et_flex_module dl-popup-trigger\" href=\"#razrez\">READ MORE<\/a><\/div>\n<\/div>\n<\/div>\n<\/div>\n\n<div class=\"et_pb_section_6 et_pb_section et_section_regular et_flex_section dl-popup-content\" id=\"varjenje\">\n<div class=\"et_pb_row_9 et_pb_row et_flex_row\">\n<div class=\"et_pb_column_21 et_pb_column et_flex_column et_pb_css_mix_blend_mode_passthrough et_flex_column_24_24\">\n<div class=\"et_pb_text_13 et_pb_text et_pb_bg_layout_light et_pb_module et_flex_module\"><div class=\"et_pb_text_inner\"><h3>Schwei\u00dfen<\/h3>\n<\/div><\/div>\n<\/div>\n\n<div class=\"et_pb_column_22 et_pb_column et-last-child et_flex_column et_pb_css_mix_blend_mode_passthrough et_flex_column_24_24\">\n<div class=\"et_pb_icon_0 et_pb_icon et_pb_module et_flex_module dl-popup-close\"><span class=\"et_pb_icon_wrap\"><span class=\"et-pb-icon\">\uf00d<\/span><\/span><\/div>\n\n<div class=\"et_pb_text_14 et_pb_text et_pb_bg_layout_light et_pb_module et_flex_module\"><div class=\"et_pb_text_inner\"><p>Bei Metallmar bieten wir professionelle Schwei\u00dfarbeiten als Einzelleistung oder im Rahmen komplexer Projekte an. Schwei\u00dfen ist ein Schl\u00fcsselprozess bei der Herstellung von Metallkonstruktionen, daher arbeiten wir mit hoher Pr\u00e4zision, bew\u00e4hrten Verfahren und der richtigen Schutzausr\u00fcstung.<\/p>\n<p>Unsere Schwei\u00dfer verf\u00fcgen \u00fcber umfangreiche Erfahrungen und Zertifikate f\u00fcr die Arbeit mit einer Vielzahl von Materialien - von Baustahl bis hin zu Edelstahl und Aluminium.<\/p>\n<p>Wir bieten die folgenden Schwei\u00dfverfahren an:<\/p>\n<p>WIG-Schwei\u00dfen (Argon-Lichtbogenschwei\u00dfen mit einer nicht schmelzenden Elektrode)<\/p>\n<ul>\n<li>\u00c4u\u00dferst pr\u00e4zises und sauberes Verfahren<\/li>\n<li>Geeignet f\u00fcr Inox, Aluminium, Kupfer und d\u00fcnnwandige Materialien<\/li>\n<li>Ideal f\u00fcr visuell exponierte Elemente und schwierige Fugen<\/li>\n<\/ul>\n<p>MIG\/MAG-Schwei\u00dfen (Schutzgasschwei\u00dfen)<\/p>\n<ul>\n<li>Effiziente und robuste L\u00f6sung f\u00fcr verschiedene Stahlsorten<\/li>\n<li>Hervorragendes Verh\u00e4ltnis von Geschwindigkeit und Festigkeit der Gelenke<\/li>\n<li>Geeignet f\u00fcr Serienproduktion, Strukturen, Rahmen<\/li>\n<\/ul>\n<p>Lichtbogenschwei\u00dfen (SMAW \/ MMA)<\/p>\n<ul>\n<li>Flexibles Schwei\u00dfen in der Praxis<\/li>\n<li>Funktioniert auch unter rauen Bedingungen (in der H\u00f6he, im Freien, bei Wind)<\/li>\n<li>N\u00fctzlich f\u00fcr dickere Materialien, Strukturen, Baugruppen<\/li>\n<\/ul>\n<p>Laserschwei\u00dfen (auf Anfrage)<\/p>\n<ul>\n<li>Hightech-Verfahren f\u00fcr Mikroverbindungen<\/li>\n<li>Minimale thermische Verformung und sehr saubere N\u00e4hte<\/li>\n<li>Geeignet f\u00fcr feine Details, d\u00fcnne Bleche, Prototypen<\/li>\n<\/ul>\n<\/div><\/div>\n<\/div>\n<\/div>\n<\/div>\n\n<div class=\"et_pb_section_7 et_pb_section et_section_regular et_flex_section dl-popup-content\" id=\"kovinsko_krivljenje\">\n<div class=\"et_pb_row_10 et_pb_row et_flex_row\">\n<div class=\"et_pb_column_23 et_pb_column et_flex_column et_pb_css_mix_blend_mode_passthrough et_flex_column_24_24\">\n<div class=\"et_pb_text_15 et_pb_text et_pb_bg_layout_light et_pb_module et_flex_module\"><div class=\"et_pb_text_inner\"><h3>METALLBIEGEN<\/h3>\n<\/div><\/div>\n<\/div>\n\n<div class=\"et_pb_column_24 et_pb_column et-last-child et_flex_column et_pb_css_mix_blend_mode_passthrough et_flex_column_24_24\">\n<div class=\"et_pb_icon_1 et_pb_icon et_pb_module et_flex_module dl-popup-close\"><span class=\"et_pb_icon_wrap\"><span class=\"et-pb-icon\">\uf00d<\/span><\/span><\/div>\n\n<div class=\"et_pb_text_16 et_pb_text et_pb_bg_layout_light et_pb_module et_flex_module\"><div class=\"et_pb_text_inner\"><p>Das Biegen ist ein Schl\u00fcsselprozess bei der Herstellung einer Vielzahl von Metallkomponenten, da es die dreidimensionale Formung von Blechen ohne Schwei\u00dfen oder zus\u00e4tzliches F\u00fcgen erm\u00f6glicht. Bei Metallmar f\u00fchren wir das Biegen mit modernsten CNC-Biegemaschinen durch, die Genauigkeit, Wiederholbarkeit und hohe Qualit\u00e4t gew\u00e4hrleisten.<\/p>\n<p>Was bieten wir an?<\/p>\n<ul>\n<li>Biegen von Blechen verschiedener Dicken und Materialien (Stahl, Aluminium, Edelstahl, Nichteisenmetalle)<\/li>\n<li>Biegen von Rohr- und Profilelementen (Rund-, Rechteck-, Quadratrohre)<\/li>\n<li>Serien- oder Einzelfertigung nach Pl\u00e4nen oder Mustern<\/li>\n<li>Beratung bei der Auswahl von Funkger\u00e4ten und technischen L\u00f6sungen<\/li>\n<\/ul>\n<p>Die Vorteile unseres Biegens:<\/p>\n<ul>\n<li>Hohe Wiederholbarkeit f\u00fcr gro\u00dfe Chargen<\/li>\n<li>Minimale Materialverformung<\/li>\n<li>Komplexe Formen und Kombinationen durch Schwei\u00dfen m\u00f6glich<\/li>\n<li>Perfekte Integration in gr\u00f6\u00dfere Strukturen oder einzigartige Produkte<\/li>\n<\/ul>\n<\/div><\/div>\n<\/div>\n<\/div>\n<\/div>\n\n<div class=\"et_pb_section_8 et_pb_section et_section_regular et_flex_section dl-popup-content\" id=\"razrez\">\n<div class=\"et_pb_row_11 et_pb_row et_flex_row\">\n<div class=\"et_pb_column_25 et_pb_column et_flex_column et_pb_css_mix_blend_mode_passthrough et_flex_column_24_24\">\n<div class=\"et_pb_text_17 et_pb_text et_pb_bg_layout_light et_pb_module et_flex_module\"><div class=\"et_pb_text_inner\"><h3>SCHNEIDEN MIT DER SCHERE<\/h3>\n<\/div><\/div>\n<\/div>\n\n<div class=\"et_pb_column_26 et_pb_column et-last-child et_flex_column et_pb_css_mix_blend_mode_passthrough et_flex_column_24_24\">\n<div class=\"et_pb_icon_2 et_pb_icon et_pb_module et_flex_module dl-popup-close\"><span class=\"et_pb_icon_wrap\"><span class=\"et-pb-icon\">\uf00d<\/span><\/span><\/div>\n\n<div class=\"et_pb_text_18 et_pb_text et_pb_bg_layout_light et_pb_module et_flex_module\"><div class=\"et_pb_text_inner\"><p>Die Grundformgebung von Metallhalbzeugen erfolgt durch hochwertiges mechanisches Schneiden der Bleche.<\/p>\n<p>Bei Metallmar verwenden wir Blechscheren zum effizienten Schneiden von Blechen ohne Hitzeeinwirkung auf das Material. Es ist das ideale Verfahren zur Vorbereitung von Grundformen vor der Weiterverarbeitung - Biegen, Schwei\u00dfen oder Laserschneiden.<\/p>\n<p>Was bieten wir an?<\/p>\n<ul>\n<li>Mechanisches Schneiden von Blechen in verschiedenen Dicken und Formaten<\/li>\n<li>Glatter Schnitt ohne Verbrennungen und Hitzeverformungen<\/li>\n<li>Hohe Pr\u00e4zision und Reproduzierbarkeit bei Chargenprodukten<\/li>\n<li>Zuschnitt nach den Ma\u00dfen des Kunden oder nach technischen Pl\u00e4nen<\/li>\n<\/ul>\n<\/div><\/div>\n<\/div>\n<\/div>\n<\/div>","protected":false},"excerpt":{"rendered":"","protected":false},"author":1,"featured_media":0,"parent":0,"menu_order":0,"comment_status":"closed","ping_status":"closed","template":"","meta":{"footnotes":""},"class_list":["post-1381","page","type-page","status-publish","hentry"],"_links":{"self":[{"href":"https:\/\/metallmar.si\/de\/wp-json\/wp\/v2\/pages\/1381","targetHints":{"allow":["GET"]}}],"collection":[{"href":"https:\/\/metallmar.si\/de\/wp-json\/wp\/v2\/pages"}],"about":[{"href":"https:\/\/metallmar.si\/de\/wp-json\/wp\/v2\/types\/page"}],"author":[{"embeddable":true,"href":"https:\/\/metallmar.si\/de\/wp-json\/wp\/v2\/users\/1"}],"replies":[{"embeddable":true,"href":"https:\/\/metallmar.si\/de\/wp-json\/wp\/v2\/comments?post=1381"}],"version-history":[{"count":5,"href":"https:\/\/metallmar.si\/de\/wp-json\/wp\/v2\/pages\/1381\/revisions"}],"predecessor-version":[{"id":1947,"href":"https:\/\/metallmar.si\/de\/wp-json\/wp\/v2\/pages\/1381\/revisions\/1947"}],"wp:attachment":[{"href":"https:\/\/metallmar.si\/de\/wp-json\/wp\/v2\/media?parent=1381"}],"curies":[{"name":"wp","href":"https:\/\/api.w.org\/{rel}","templated":true}]}}