{"id":1153,"date":"2025-04-11T13:31:53","date_gmt":"2025-04-11T13:31:53","guid":{"rendered":"https:\/\/metallmar.webify.si\/?page_id=1153"},"modified":"2025-06-24T13:29:00","modified_gmt":"2025-06-24T13:29:00","slug":"kariera","status":"publish","type":"page","link":"https:\/\/metallmar.si\/de\/kariera\/","title":{"rendered":"Karriere"},"content":{"rendered":"<div class=\"et_pb_section_0 et_pb_section et_section_regular et_flex_section et_pb_section_parallax\"><span class=\"et-pb-parallax-wrapper\"><span class=\"et-pb-parallax-background et-pb-parallax-background--css et-pb-parallax-background-module--divi-section-0 et_parallax_bg_phone_exist lazyload\" style=\"background-image:inherit\" data-bg-image=\"url(https:\/\/metallmar.webify.si\/wp-content\/uploads\/2025\/05\/Metallmar_kariera_2.jpg)\"><\/span><\/span><span class=\"et-pb-parallax-wrapper\"><span class=\"et-pb-parallax-background et-pb-parallax-background--css et-pb-parallax-background_phone et-pb-parallax-background_phone-module--divi-section-0 lazyload\" style=\"background-image:inherit\" data-bg-image=\"url(https:\/\/metallmar.webify.si\/wp-content\/uploads\/2025\/05\/Metallmar_kariera_2.jpg)\"><\/span><\/span>\n<div class=\"et_pb_row_0 et_pb_row et_flex_row\">\n<div class=\"et_pb_column_0 et_pb_column et_flex_column et_pb_css_mix_blend_mode_passthrough et_flex_column_24_24\">\n<div class=\"et_pb_text_0 et_pb_text et_pb_bg_layout_light et_animated et_pb_module et_flex_module\"><div class=\"et_pb_text_inner\" data-et-mv-hidden-tablet=\"true\"><h1>KARRIERE<\/h1>\n<p style=\"margin-left: 5px;\">Starten Sie Ihre Karriere bei uns!<\/p>\n<\/div><\/div>\n<\/div>\n\n<div class=\"et_pb_column_1 et_pb_column et-last-child et_flex_column et_pb_css_mix_blend_mode_passthrough et_flex_column_24_24\">\n<div class=\"et_pb_text_1 et_pb_text et_pb_bg_layout_light et_animated et_pb_module et_flex_module\"><div class=\"et_pb_text_inner\" data-et-mv-hidden-phone=\"true\"><p>Ihr Wissen und Ihre Ideen z\u00e4hlen - werden Sie Teil des Metallmar-Teams und lassen Sie uns gemeinsam die Zukunft der metallverarbeitenden Industrie gestalten.<\/p>\n<\/div><\/div>\n<\/div>\n<\/div>\n<\/div>\n\n<div class=\"et_pb_section_1 et_pb_section et_section_regular et_flex_section\">\n<div class=\"et_pb_row_1 et_pb_row et_flex_row\">\n<div class=\"et_pb_column_2 et_pb_column et-last-child et_flex_column et_pb_css_mix_blend_mode_passthrough et_flex_column_24_24\">\n<div class=\"et_pb_text_2 et_pb_text et_pb_bg_layout_light et_animated et_pb_module et_flex_module\"><div class=\"et_pb_text_inner\"><h2>Offene Stellen<\/h2>\n<\/div><\/div>\n\n<div class=\"et_pb_divider_0 et_pb_divider et_pb_space et_pb_divider_position_top et_pb_module\"><div class=\"et_pb_divider_internal\"><\/div><\/div>\n<\/div>\n<\/div>\n\n<div class=\"et_pb_row_2 et_pb_row et_flex_row et_animated\">\n<div class=\"et_pb_column_3 et_pb_column et_flex_column et_pb_css_mix_blend_mode_passthrough et_flex_column_24_24\">\n<div class=\"et_pb_text_3 et_pb_text et_pb_bg_layout_light et_pb_module et_flex_module\"><div class=\"et_pb_text_inner\"><h4>PROJEKTLEITER<\/h4>\n<p>Stahl- und Metallkonstruktionen (m\/w)<\/p>\n<p><strong data-start=\"67\" data-end=\"84\">Ihre Aufgaben:<\/strong><\/p>\n<ul>\n<li>Projektmanagement von der Idee bis zur Umsetzung (Planung, Koordinierung mit Kunden, \u00dcberwachung der Umsetzung),<\/li>\n<li>Erstellung von technischen Unterlagen und Gew\u00e4hrleistung der Einhaltung von Normen,<\/li>\n<li>Zusammenarbeit mit Designern, Bauingenieuren und Montageteams,<\/li>\n<li>die finanzielle Organisation des Projekts.<\/li>\n<\/ul>\n<p><strong data-start=\"236\" data-end=\"252\">Wir erwarten:<\/strong><\/p>\n<ul>\n<li>Erfahrung im Projektmanagement auf dem Gebiet der Metallkonstruktionen,<\/li>\n<li>eine technische Qualifikation (Maschinenbau, Bauingenieurwesen oder \u00e4hnliches),<\/li>\n<li>Verantwortungsbewusstsein, Eigeninitiative und die F\u00e4higkeit, ein Team zu f\u00fchren.<\/li>\n<\/ul>\n<\/div><\/div>\n\n<div class=\"et_pb_divider_1 et_pb_divider et_pb_space et_pb_divider_position_top et_pb_module\"><div class=\"et_pb_divider_internal\"><\/div><\/div>\n<\/div>\n\n<div class=\"et_pb_column_4 et_pb_column et-last-child et_flex_column et_pb_column_empty et_pb_css_mix_blend_mode_passthrough et_flex_column_24_24\"><\/div>\n<\/div>\n\n<div class=\"et_pb_row_3 et_pb_row et_flex_row et_animated\">\n<div class=\"et_pb_column_5 et_pb_column et_flex_column et_pb_css_mix_blend_mode_passthrough et_flex_column_24_24\">\n<div class=\"et_pb_text_4 et_pb_text et_pb_bg_layout_light et_pb_module et_flex_module\"><div class=\"et_pb_text_inner\"><h4>MONTER (m\/w)<\/h4>\n<p data-start=\"67\" data-end=\"84\"><strong data-start=\"67\" data-end=\"84\">Ihre Aufgaben:<\/strong><\/p>\n<ul data-start=\"85\" data-end=\"234\">\n<li data-start=\"85\" data-end=\"146\">\n<p data-start=\"87\" data-end=\"146\">Montage und Errichtung von Stahlkonstruktionen an Geb\u00e4uden,<\/p>\n<\/li>\n<li data-start=\"147\" data-end=\"234\">\n<p data-start=\"149\" data-end=\"234\">Arbeiten mit Hand- und Elektrowerkzeugen, Arbeiten im Team unter der Leitung eines Montageleiters.<\/p>\n<\/li>\n<\/ul>\n<p data-start=\"236\" data-end=\"252\"><strong data-start=\"236\" data-end=\"252\">Wir erwarten:<\/strong><\/p>\n<ul data-start=\"253\" data-end=\"398\">\n<li data-start=\"253\" data-end=\"301\">\n<p data-start=\"255\" data-end=\"301\">technische Grundkenntnisse und handwerkliches Geschick,<\/p>\n<\/li>\n<li data-start=\"302\" data-end=\"352\">\n<p data-start=\"304\" data-end=\"352\">eine verantwortungsbewusste Einstellung zur Arbeit und eine teamorientierte Arbeitsweise,<\/p>\n<\/li>\n<li data-start=\"353\" data-end=\"398\">\n<p data-start=\"355\" data-end=\"398\">Bereitschaft zur Arbeit in der H\u00f6he und im Gel\u00e4nde.<\/p>\n<\/li>\n<\/ul>\n<\/div><\/div>\n\n<div class=\"et_pb_divider_2 et_pb_divider et_pb_space et_pb_divider_position_top et_pb_module\"><div class=\"et_pb_divider_internal\"><\/div><\/div>\n<\/div>\n\n<div class=\"et_pb_column_6 et_pb_column et-last-child et_flex_column et_pb_column_empty et_pb_css_mix_blend_mode_passthrough et_flex_column_24_24\"><\/div>\n<\/div>\n\n<div class=\"et_pb_row_4 et_pb_row et_flex_row et_animated\">\n<div class=\"et_pb_column_7 et_pb_column et_flex_column et_pb_css_mix_blend_mode_passthrough et_flex_column_24_24\">\n<div class=\"et_pb_text_5 et_pb_text et_pb_bg_layout_light et_pb_module et_flex_module\"><div class=\"et_pb_text_inner\"><h4>KEYBOOKER (m\/w)<\/h4>\n<p data-start=\"429\" data-end=\"446\"><strong data-start=\"429\" data-end=\"446\">Ihre Aufgaben:<\/strong><\/p>\n<ul data-start=\"447\" data-end=\"705\">\n<li data-start=\"447\" data-end=\"503\">\n<p data-start=\"449\" data-end=\"503\">Herstellung von Metallkonstruktionen nach technischen Pl\u00e4nen,<\/p>\n<\/li>\n<li data-start=\"504\" data-end=\"562\">\n<p data-start=\"506\" data-end=\"562\">MIG\/MAG-Schwei\u00dfen (WIG-Kenntnisse sind von Vorteil),<\/p>\n<\/li>\n<li data-start=\"563\" data-end=\"597\">\n<p data-start=\"565\" data-end=\"597\">Lesen der technischen Dokumentation<\/p>\n<\/li>\n<li data-start=\"598\" data-end=\"662\">\n<p data-start=\"600\" data-end=\"662\">Beteiligung an der Vorbereitung von Elementen in der Werkstatt und vor Ort,<\/p>\n<\/li>\n<li data-start=\"663\" data-end=\"705\">\n<p data-start=\"665\" data-end=\"705\">Gew\u00e4hrleistung eines hohen Qualit\u00e4ts- und Sicherheitsniveaus bei der Ausf\u00fchrung der Arbeiten.<\/p>\n<\/li>\n<\/ul>\n<p data-start=\"707\" data-end=\"723\"><strong data-start=\"707\" data-end=\"723\">Wir erwarten:<\/strong><\/p>\n<ul data-start=\"724\" data-end=\"945\">\n<li data-start=\"724\" data-end=\"779\">\n<p data-start=\"726\" data-end=\"779\">Erfahrung mit der Arbeit in der metallverarbeitenden Industrie,<\/p>\n<\/li>\n<li data-start=\"780\" data-end=\"835\">\n<p data-start=\"782\" data-end=\"835\">Kenntnisse der Grundlagen des Schwei\u00dfens und der Arbeit mit Handwerkzeugen,<\/p>\n<\/li>\n<li data-start=\"836\" data-end=\"887\">\n<p data-start=\"838\" data-end=\"887\">Genauigkeit, Zuverl\u00e4ssigkeit und technisches Geschick,<\/p>\n<\/li>\n<li data-start=\"888\" data-end=\"914\">\n<p data-start=\"890\" data-end=\"914\">Autonomie bei der Arbeit<\/p>\n<\/li>\n<li data-start=\"915\" data-end=\"945\">\n<p data-start=\"917\" data-end=\"945\">F\u00fchrerschein der Klasse B.<\/p>\n<\/li>\n<\/ul>\n<\/div><\/div>\n<\/div>\n\n<div class=\"et_pb_column_8 et_pb_column et-last-child et_flex_column et_pb_column_empty et_pb_css_mix_blend_mode_passthrough et_flex_column_24_24\"><\/div>\n<\/div>\n<\/div>\n\n<div class=\"et_pb_section_2 et_pb_section et_section_regular et_flex_section\">\n<div class=\"et_pb_row_5 et_pb_row et_flex_row\">\n<div class=\"et_pb_column_9 et_pb_column et_flex_column et_pb_css_mix_blend_mode_passthrough et_flex_column_24_24\">\n<div class=\"et_pb_text_6 et_pb_text et_pb_bg_layout_light et_pb_module et_flex_module\"><div class=\"et_pb_text_inner\"><h3>HABEN SIE WEITERE FRAGEN?<br \/>KONTAKT US<\/h3>\n<\/div><\/div>\n\n<div class=\"et_pb_image_0 et_pb_image et_pb_module et_flex_module\"><span class=\"et_pb_image_wrap\"><img decoding=\"async\" data-src=\"https:\/\/metallmar.webify.si\/wp-content\/uploads\/2025\/04\/happy-customer-service-representative-with-headset-communicating-with-customer-while-working-call-center.jpg\" title=\"Kundenbetreuung\" width=\"2560\" height=\"1707\" data-sizes=\"(max-width: 2560px) 100vw, 2560px\" class=\"wp-image-1172 lazyload\" src=\"data:image\/svg+xml;base64,PHN2ZyB3aWR0aD0iMSIgaGVpZ2h0PSIxIiB4bWxucz0iaHR0cDovL3d3dy53My5vcmcvMjAwMC9zdmciPjwvc3ZnPg==\" style=\"--smush-placeholder-width: 2560px; --smush-placeholder-aspect-ratio: 2560\/1707;\" \/><\/span><\/div>\n<\/div>\n\n<div class=\"et_pb_column_10 et_pb_column et-last-child et_flex_column et_pb_css_mix_blend_mode_passthrough et_flex_column_24_24\">\n<div class=\"et_pb_code_0 et_pb_code et_pb_module\"><div class=\"et_pb_code_inner\">\n<div class=\"wpcf7 no-js\" id=\"wpcf7-f1845-o1\" lang=\"en-US\" dir=\"ltr\" data-wpcf7-id=\"1845\">\n<div class=\"screen-reader-response\"><p role=\"status\" aria-live=\"polite\" aria-atomic=\"true\"><\/p> <ul><\/ul><\/div>\n<form action=\"\/de\/wp-json\/wp\/v2\/pages\/1153#wpcf7-f1845-o1\" method=\"post\" class=\"wpcf7-form init\" aria-label=\"Contact form\" enctype=\"multipart\/form-data\" novalidate=\"novalidate\" data-status=\"init\" data-trp-original-action=\"\/de\/wp-json\/wp\/v2\/pages\/1153#wpcf7-f1845-o1\">\n<fieldset class=\"hidden-fields-container\"><input type=\"hidden\" name=\"_wpcf7\" value=\"1845\" \/><input type=\"hidden\" name=\"_wpcf7_version\" value=\"6.1.5\" \/><input type=\"hidden\" name=\"_wpcf7_locale\" value=\"en_US\" \/><input type=\"hidden\" name=\"_wpcf7_unit_tag\" value=\"wpcf7-f1845-o1\" \/><input type=\"hidden\" name=\"_wpcf7_container_post\" value=\"0\" \/><input type=\"hidden\" name=\"_wpcf7_posted_data_hash\" value=\"\" \/>\n<\/fieldset>\n<p>Pers\u00f6nliche Daten\n<\/p>\n<div class=\"form-row\">\n\t<p><span class=\"wpcf7-form-control-wrap\" data-name=\"your-name\"><input size=\"40\" maxlength=\"400\" class=\"wpcf7-form-control wpcf7-text wpcf7-validates-as-required\" aria-required=\"true\" aria-invalid=\"false\" placeholder=\"Vorname und Nachname\" value=\"\" type=\"text\" name=\"your-name\" \/><\/span><br \/>\n<span class=\"wpcf7-form-control-wrap\" data-name=\"your-email\"><input size=\"40\" maxlength=\"400\" class=\"wpcf7-form-control wpcf7-email wpcf7-validates-as-required wpcf7-text wpcf7-validates-as-email\" aria-required=\"true\" aria-invalid=\"false\" placeholder=\"E-Mail Adresse\" value=\"\" type=\"email\" name=\"your-email\" \/><\/span><br \/>\n<span class=\"wpcf7-form-control-wrap\" data-name=\"your-phone\"><input size=\"40\" maxlength=\"400\" class=\"wpcf7-form-control wpcf7-tel wpcf7-validates-as-required wpcf7-text wpcf7-validates-as-tel\" aria-required=\"true\" aria-invalid=\"false\" placeholder=\"Rufnummer\" value=\"\" type=\"tel\" name=\"your-phone\" \/><\/span>\n\t<\/p>\n<\/div>\n<p>Stellenausschreibung\n<\/p>\n<div class=\"form-row\">\n\t<p><span class=\"wpcf7-form-control-wrap\" data-name=\"select-103\"><select class=\"wpcf7-form-control wpcf7-select wpcf7-validates-as-required\" aria-required=\"true\" aria-invalid=\"false\" name=\"select-103\"><option value=\"PROJEKTNI VODJA\">PROJEKTLEITER<\/option><option value=\"MONTER (m\/\u017e)\">MONTER (m\/w)<\/option><option value=\"KLJU\u010cAVNI\u010cAR (m\/\u017e)\">KEYBOOKER (m\/w)<\/option><\/select><\/span>\n\t<\/p>\n<\/div>\n<div class=\"form-row\">\n\t<p><span class=\"wpcf7-form-control-wrap\" data-name=\"your-message\"><textarea cols=\"40\" rows=\"10\" maxlength=\"2000\" class=\"wpcf7-form-control wpcf7-textarea wpcf7-validates-as-required\" aria-required=\"true\" aria-invalid=\"false\" placeholder=\"Nachricht\" name=\"your-message\"><\/textarea><\/span>\n\t<\/p>\n<\/div>\n<div class=\"form-row\">\n\t<p><span class=\"wpcf7-form-control-wrap\" data-name=\"your-file\"><input size=\"40\" class=\"wpcf7-form-control wpcf7-file\" accept=\"audio\/*,video\/*,image\/*\" aria-invalid=\"false\" type=\"file\" name=\"your-file\" \/><\/span>\n\t<\/p>\n<\/div>\n<div class=\"form-row form-submit\">\n\t<p><input class=\"wpcf7-form-control wpcf7-submit has-spinner\" type=\"submit\" value=\"Anfrage senden\" \/>\n\t<\/p>\n<\/div><div class=\"wpcf7-response-output\" aria-hidden=\"true\"><\/div>\n<input type=\"hidden\" name=\"trp-form-language\" value=\"de\"\/><\/form>\n<\/div>\n<\/div><\/div>\n<\/div>\n<\/div>\n<\/div>","protected":false},"excerpt":{"rendered":"","protected":false},"author":1,"featured_media":0,"parent":0,"menu_order":0,"comment_status":"closed","ping_status":"closed","template":"","meta":{"footnotes":""},"class_list":["post-1153","page","type-page","status-publish","hentry"],"_links":{"self":[{"href":"https:\/\/metallmar.si\/de\/wp-json\/wp\/v2\/pages\/1153","targetHints":{"allow":["GET"]}}],"collection":[{"href":"https:\/\/metallmar.si\/de\/wp-json\/wp\/v2\/pages"}],"about":[{"href":"https:\/\/metallmar.si\/de\/wp-json\/wp\/v2\/types\/page"}],"author":[{"embeddable":true,"href":"https:\/\/metallmar.si\/de\/wp-json\/wp\/v2\/users\/1"}],"replies":[{"embeddable":true,"href":"https:\/\/metallmar.si\/de\/wp-json\/wp\/v2\/comments?post=1153"}],"version-history":[{"count":5,"href":"https:\/\/metallmar.si\/de\/wp-json\/wp\/v2\/pages\/1153\/revisions"}],"predecessor-version":[{"id":1872,"href":"https:\/\/metallmar.si\/de\/wp-json\/wp\/v2\/pages\/1153\/revisions\/1872"}],"wp:attachment":[{"href":"https:\/\/metallmar.si\/de\/wp-json\/wp\/v2\/media?parent=1153"}],"curies":[{"name":"wp","href":"https:\/\/api.w.org\/{rel}","templated":true}]}}